{"id":1449,"date":"2022-11-15T11:19:28","date_gmt":"2022-11-15T10:19:28","guid":{"rendered":"http:\/\/saint-charles.net\/NSTC\/?page_id=1449"},"modified":"2023-10-18T16:10:05","modified_gmt":"2023-10-18T14:10:05","slug":"dnb","status":"publish","type":"page","link":"http:\/\/saint-charles.net\/NSTC\/?page_id=1449","title":{"rendered":"Pr\u00e9sentation du DNB"},"content":{"rendered":"\n<p class=\"has-vivid-red-color has-text-color has-large-font-size\"><strong>DNB \u2013 Session 2023<\/strong>      <strong>100 % de r\u00e9ussite !<\/strong><\/p>\n\n\n\n<p>Tr\u00e8s belle ann\u00e9e de r\u00e9ussite au DNB pour les \u00e9l\u00e8ves de 3\u00e8me :<\/p>\n\n\n\n<p>L\u2019ensemble des \u00e9l\u00e8ves ont obtenu leur dipl\u00f4me.<\/p>\n\n\n\n<p>72 % de mention dont :<\/p>\n\n\n\n<ul class=\"wp-block-list\">\n<li><strong>15 % de mention \u00ab&nbsp;Tr\u00e8s Bien&nbsp;\u00bb<\/strong><\/li>\n\n\n\n<li><strong>28,6 % de mention \u00ab&nbsp;Bien&nbsp;\u00bb<\/strong><\/li>\n\n\n\n<li><strong>27 % de mention \u00ab&nbsp;Assez Bien&nbsp;\u00bb<\/strong><\/li>\n<\/ul>\n\n\n\n<p>Bravo \u00e0 tous les jeunes et leurs professeurs.<\/p>\n\n\n\n<div style=\"height:100px\" aria-hidden=\"true\" class=\"wp-block-spacer\"><\/div>\n\n\n\n<h1 class=\"wp-block-heading\" id=\"edugouv-summary-item-4\">Pr\u00e9sentation du DNB &#8211; El\u00e8ves de 3\u00e8me<\/h1>\n\n\n\n<h2 class=\"wp-block-heading\" id=\"edugouv-summary-item-4\">Objectifs et socle commun<\/h2>\n\n\n\n<p>D\u00e9livr\u00e9 par un jury, le brevet est un <strong>dipl\u00f4me qui atteste les connaissances et comp\u00e9tences acquises en fin de coll\u00e8ge<\/strong>.<\/p>\n\n\n\n<p>L&rsquo;attribution du brevet ne conditionne pas l&rsquo;acc\u00e8s \u00e0 une classe sup\u00e9rieure en fin de troisi\u00e8me.<\/p>\n\n\n\n<p>Le socle commun de connaissances, de comp\u00e9tences et de culture pr\u00e9sente ce que tout \u00e9l\u00e8ve doit savoir et ma\u00eetriser \u00e0 la fin de la scolarit\u00e9 obligatoire. Il rassemble l&rsquo;ensemble des connaissances, comp\u00e9tences, valeurs et attitudes n\u00e9cessaires pour r\u00e9ussir sa scolarit\u00e9, sa vie d&rsquo;individu et de futur citoyen.<\/p>\n\n\n\n<p><a href=\"https:\/\/www.education.gouv.fr\/le-socle-commun-de-connaissances-de-competences-et-de-culture-12512\">Le socle commun de connaissances, de comp\u00e9tences et de culture<\/a><\/p>\n\n\n\n<h2 class=\"wp-block-heading\" id=\"edugouv-summary-item-5\">Quelles sont les \u00e9preuves du brevet&nbsp;?<\/h2>\n\n\n\n<blockquote class=\"wp-block-quote is-layout-flow wp-block-quote-is-layout-flow\">\n<h3 class=\"wp-block-heading\" id=\"edugouv-summary-item-6\">Le brevet en bref<\/h3>\n\n\n\n<p><strong>L&rsquo;\u00e9valuation du socle commun repr\u00e9sente 400 points.<\/strong><\/p>\n\n\n\n<p>La ma\u00eetrise de chacune des huit composantes du socle commun est appr\u00e9ci\u00e9e lors du conseil de classe du 3e trimestre de la classe de 3e&nbsp;:<\/p>\n\n\n\n<ul class=\"wp-block-list\">\n<li>Ma\u00eetrise insuffisante (10 points)<\/li>\n\n\n\n<li>Ma\u00eetrise fragile (25 points)<\/li>\n\n\n\n<li>Ma\u00eetrise satisfaisante (40 points)<\/li>\n\n\n\n<li>Tr\u00e8s bonne ma\u00eetrise (50 points)<\/li>\n<\/ul>\n\n\n\n<p><strong>Les \u00e9preuves de l&rsquo;examen repr\u00e9sentent 400 points.<\/strong><\/p>\n\n\n\n<ul class=\"wp-block-list\">\n<li>Sont \u00e9valu\u00e9s sur 100 points&nbsp;:\n<ul class=\"wp-block-list\">\n<li>le fran\u00e7ais<\/li>\n\n\n\n<li>les math\u00e9matiques<\/li>\n<\/ul>\n<\/li>\n\n\n\n<li>Sont \u00e9valu\u00e9es sur 50 points&nbsp;:\n<ul class=\"wp-block-list\">\n<li>l&rsquo;histoire-g\u00e9ographie<\/li>\n\n\n\n<li>les sciences (physique-chimie, sciences de la vie et de la Terre, technologie)<\/li>\n<\/ul>\n<\/li>\n\n\n\n<li>L\u2019\u00e9preuve orale est \u00e9valu\u00e9e sur 100 points<\/li>\n<\/ul>\n\n\n\n<p>Des points suppl\u00e9mentaires sont accord\u00e9s aux candidats ayant suivi un enseignement facultatif selon le niveau qu&rsquo;ils ont acquis \u00e0 la fin du cycle 4 au regard des objectifs d&rsquo;apprentissage de cet enseignement&nbsp;:<\/p>\n\n\n\n<ul class=\"wp-block-list\">\n<li>10 points si les objectifs d&rsquo;apprentissage du cycle sont atteints<\/li>\n\n\n\n<li>20 points si les objectifs d&rsquo;apprentissage du cycle sont d\u00e9pass\u00e9s<\/li>\n<\/ul>\n\n\n\n<p><strong>L\u2019\u00e9l\u00e8ve est re\u00e7u s\u2019il cumule 400 points sur les 800.<\/strong><\/p>\n\n\n\n<p>Selon le total des points obtenu, les \u00e9l\u00e8ves peuvent se voir attribuer des mentions&nbsp;: \u00ab\u00a0assez bien\u00a0\u00bb, \u00ab\u00a0bien\u00a0\u00bb ou \u00ab\u00a0tr\u00e8s bien\u00a0\u00bb. Les mentions \u00ab\u00a0bien\u00a0\u00bb et \u00ab\u00a0tr\u00e8s bien\u00a0\u00bb permettent, sous certaines conditions, de b\u00e9n\u00e9ficier de bourses au m\u00e9rite. Il obtient la mention&nbsp;:<\/p>\n\n\n\n<ul class=\"wp-block-list\">\n<li><strong>assez bien<\/strong> s\u2019il cumule plus de 480 points<\/li>\n\n\n\n<li><strong>bien<\/strong> s\u2019il cumule plus de 560 points<\/li>\n\n\n\n<li><strong>tr\u00e8s bien<\/strong> s\u2019il cumule plus de 640 points<\/li>\n<\/ul>\n<\/blockquote>\n\n\n\n<p>Pour les candidats scolaires, l&rsquo;obtention du dipl\u00f4me national du brevet (DNB) repose sur l&rsquo;\u00e9valuation du socle commun et cinq \u00e9preuves obligatoires pass\u00e9es en fin du cycle 4 (classe de troisi\u00e8me).<\/p>\n\n\n\n<p><\/p>\n\n\n\n<h3 class=\"wp-block-heading\" id=\"edugouv-summary-item-7\">Une \u00e9preuve orale<\/h3>\n\n\n\n<p>L&rsquo;\u00e9preuve orale porte sur un projet men\u00e9 en histoire des arts ou dans le cadre d&rsquo;un EPI ou de l&rsquo;un des parcours \u00e9ducatifs&nbsp;: elle permet notamment d&rsquo;\u00e9valuer la qualit\u00e9 de l&rsquo;expression orale.<\/p>\n\n\n\n<p>L&rsquo;\u00e9preuve orale peut se d\u00e9rouler selon deux modalit\u00e9s&nbsp;:<\/p>\n\n\n\n<ul class=\"wp-block-list\">\n<li>soit, via un<strong> entretien individuel <\/strong>de 15 minutes (5 minutes d\u2019expos\u00e9 et 10 minutes d\u2019entretien).<\/li>\n\n\n\n<li>soit, via un<strong> entretien collectif <\/strong>de 25 minutes (10 minutes d\u2019expos\u00e9 et 15 minutes d\u2019entretien).<\/li>\n<\/ul>\n\n\n\n<p>Les candidats individuels ne passent pas d&rsquo;\u00e9preuve orale.<\/p>\n\n\n\n<h3 class=\"wp-block-heading\" id=\"edugouv-summary-item-8\">Quatre \u00e9preuves \u00e9crites<\/h3>\n\n\n\n<p>Les \u00e9preuves \u00e9crites portent sur&nbsp;:<\/p>\n\n\n\n<ul class=\"wp-block-list\">\n<li>le<strong> fran\u00e7ais<\/strong> (3h)&nbsp;: \u00e0 partir d&rsquo;un extrait de texte litt\u00e9raire et \u00e9ventuellement d&rsquo;une image, \u00e9valuation des comp\u00e9tences linguistiques (grammaire &#8211; dont r\u00e9\u00e9criture-, lexique&#8230;) et des comp\u00e9tences de compr\u00e9hension et d&rsquo;interpr\u00e9tation + dict\u00e9e + r\u00e9daction<\/li>\n\n\n\n<li>les<strong> math\u00e9matiques<\/strong> (2h)&nbsp;: exercices, dont certains assortis de tableaux ou de sch\u00e9mas, et dont un exercice d&rsquo;informatique<\/li>\n\n\n\n<li>l&rsquo;<strong>histoire et g\u00e9ographie<\/strong> (2h)&nbsp;: analyse et compr\u00e9hension de documents + utilisation des rep\u00e8res historiques et g\u00e9ographiques + mobilisation des comp\u00e9tences de l&rsquo;enseignement moral et civique<\/li>\n\n\n\n<li>les<strong> sciences<\/strong> (1h) (2 disciplines sur les 3)&nbsp;: physique-chimie, sciences de la vie et de la Terre, technologie&nbsp;<\/li>\n<\/ul>\n\n\n\n<figure class=\"wp-block-image size-large\"><img decoding=\"async\" src=\"https:\/\/www.education.gouv.fr\/le-diplome-national-du-brevet-10613\" alt=\"\"\/><\/figure>\n\n\n\n<figure class=\"wp-block-image size-large\"><img loading=\"lazy\" decoding=\"async\" width=\"640\" height=\"1024\" src=\"http:\/\/saint-charles.net\/NSTC\/wp-content\/uploads\/2022\/11\/image-dnb-1-640x1024.png\" alt=\"\" class=\"wp-image-1460\" srcset=\"http:\/\/saint-charles.net\/NSTC\/wp-content\/uploads\/2022\/11\/image-dnb-1-640x1024.png 640w, http:\/\/saint-charles.net\/NSTC\/wp-content\/uploads\/2022\/11\/image-dnb-1-187x300.png 187w, http:\/\/saint-charles.net\/NSTC\/wp-content\/uploads\/2022\/11\/image-dnb-1.png 739w\" sizes=\"auto, (max-width: 640px) 100vw, 640px\" \/><\/figure>\n\n\n\n<figure class=\"wp-block-image size-large\"><img loading=\"lazy\" decoding=\"async\" width=\"558\" height=\"1024\" src=\"http:\/\/saint-charles.net\/NSTC\/wp-content\/uploads\/2022\/11\/image-dnb-2-558x1024.png\" alt=\"\" class=\"wp-image-1461\" srcset=\"http:\/\/saint-charles.net\/NSTC\/wp-content\/uploads\/2022\/11\/image-dnb-2-558x1024.png 558w, http:\/\/saint-charles.net\/NSTC\/wp-content\/uploads\/2022\/11\/image-dnb-2-164x300.png 164w, http:\/\/saint-charles.net\/NSTC\/wp-content\/uploads\/2022\/11\/image-dnb-2.png 739w\" sizes=\"auto, (max-width: 558px) 100vw, 558px\" \/><\/figure>\n\n\n\n<figure class=\"wp-block-image size-large\"><img loading=\"lazy\" decoding=\"async\" width=\"557\" height=\"1024\" src=\"http:\/\/saint-charles.net\/NSTC\/wp-content\/uploads\/2022\/11\/image-dnb-3-557x1024.png\" alt=\"\" class=\"wp-image-1462\" srcset=\"http:\/\/saint-charles.net\/NSTC\/wp-content\/uploads\/2022\/11\/image-dnb-3-557x1024.png 557w, http:\/\/saint-charles.net\/NSTC\/wp-content\/uploads\/2022\/11\/image-dnb-3-163x300.png 163w, http:\/\/saint-charles.net\/NSTC\/wp-content\/uploads\/2022\/11\/image-dnb-3.png 737w\" sizes=\"auto, (max-width: 557px) 100vw, 557px\" \/><\/figure>\n","protected":false},"excerpt":{"rendered":"<p>DNB \u2013 Session 2023 100 % de r\u00e9ussite ! Tr\u00e8s belle ann\u00e9e de r\u00e9ussite au DNB pour les \u00e9l\u00e8ves de 3\u00e8me : L\u2019ensemble des \u00e9l\u00e8ves ont obtenu leur dipl\u00f4me. 72 % de mention dont : Bravo \u00e0 tous les jeunes et leurs professeurs. Pr\u00e9sentation du DNB &#8211; El\u00e8ves de 3\u00e8me Objectifs et socle commun D\u00e9livr\u00e9 [&hellip;]<\/p>\n","protected":false},"author":2,"featured_media":0,"parent":0,"menu_order":0,"comment_status":"closed","ping_status":"closed","template":"pageVierge.php","meta":{"footnotes":""},"class_list":["post-1449","page","type-page","status-publish","hentry"],"_links":{"self":[{"href":"http:\/\/saint-charles.net\/NSTC\/index.php?rest_route=\/wp\/v2\/pages\/1449","targetHints":{"allow":["GET"]}}],"collection":[{"href":"http:\/\/saint-charles.net\/NSTC\/index.php?rest_route=\/wp\/v2\/pages"}],"about":[{"href":"http:\/\/saint-charles.net\/NSTC\/index.php?rest_route=\/wp\/v2\/types\/page"}],"author":[{"embeddable":true,"href":"http:\/\/saint-charles.net\/NSTC\/index.php?rest_route=\/wp\/v2\/users\/2"}],"replies":[{"embeddable":true,"href":"http:\/\/saint-charles.net\/NSTC\/index.php?rest_route=%2Fwp%2Fv2%2Fcomments&post=1449"}],"version-history":[{"count":8,"href":"http:\/\/saint-charles.net\/NSTC\/index.php?rest_route=\/wp\/v2\/pages\/1449\/revisions"}],"predecessor-version":[{"id":2065,"href":"http:\/\/saint-charles.net\/NSTC\/index.php?rest_route=\/wp\/v2\/pages\/1449\/revisions\/2065"}],"wp:attachment":[{"href":"http:\/\/saint-charles.net\/NSTC\/index.php?rest_route=%2Fwp%2Fv2%2Fmedia&parent=1449"}],"curies":[{"name":"wp","href":"https:\/\/api.w.org\/{rel}","templated":true}]}}