{"id":1598,"date":"2022-11-22T16:05:43","date_gmt":"2022-11-22T15:05:43","guid":{"rendered":"http:\/\/saint-charles.net\/NSTC\/?page_id=1598"},"modified":"2022-11-22T16:08:17","modified_gmt":"2022-11-22T15:08:17","slug":"ulis-college","status":"publish","type":"page","link":"http:\/\/saint-charles.net\/NSTC\/?page_id=1598","title":{"rendered":"ULIS Coll\u00e8ge"},"content":{"rendered":"\n<h1 class=\"wp-block-heading\">ULIS Coll\u00e8ge<\/h1>\n\n\n\n<p>Bienvenue \u00e0 l&rsquo;ULIS du coll\u00e8ge Saint CHARLES.<\/p>\n\n\n\n<figure class=\"wp-block-video\"><video height=\"720\" style=\"aspect-ratio: 1016 \/ 720;\" width=\"1016\" autoplay controls loop src=\"http:\/\/saint-charles.net\/NSTC\/wp-content\/uploads\/2022\/11\/presentation-ULIS-college.mp4\"><\/video><\/figure>\n","protected":false},"excerpt":{"rendered":"<p>ULIS Coll\u00e8ge Bienvenue \u00e0 l&rsquo;ULIS du coll\u00e8ge Saint CHARLES.<\/p>\n","protected":false},"author":2,"featured_media":0,"parent":0,"menu_order":0,"comment_status":"closed","ping_status":"closed","template":"pageVierge.php","meta":{"footnotes":""},"class_list":["post-1598","page","type-page","status-publish","hentry"],"_links":{"self":[{"href":"http:\/\/saint-charles.net\/NSTC\/index.php?rest_route=\/wp\/v2\/pages\/1598","targetHints":{"allow":["GET"]}}],"collection":[{"href":"http:\/\/saint-charles.net\/NSTC\/index.php?rest_route=\/wp\/v2\/pages"}],"about":[{"href":"http:\/\/saint-charles.net\/NSTC\/index.php?rest_route=\/wp\/v2\/types\/page"}],"author":[{"embeddable":true,"href":"http:\/\/saint-charles.net\/NSTC\/index.php?rest_route=\/wp\/v2\/users\/2"}],"replies":[{"embeddable":true,"href":"http:\/\/saint-charles.net\/NSTC\/index.php?rest_route=%2Fwp%2Fv2%2Fcomments&post=1598"}],"version-history":[{"count":3,"href":"http:\/\/saint-charles.net\/NSTC\/index.php?rest_route=\/wp\/v2\/pages\/1598\/revisions"}],"predecessor-version":[{"id":1604,"href":"http:\/\/saint-charles.net\/NSTC\/index.php?rest_route=\/wp\/v2\/pages\/1598\/revisions\/1604"}],"wp:attachment":[{"href":"http:\/\/saint-charles.net\/NSTC\/index.php?rest_route=%2Fwp%2Fv2%2Fmedia&parent=1598"}],"curies":[{"name":"wp","href":"https:\/\/api.w.org\/{rel}","templated":true}]}}