{"id":2529,"date":"2025-03-07T16:34:09","date_gmt":"2025-03-07T15:34:09","guid":{"rendered":"https:\/\/saint-charles.net\/NSTC\/?page_id=2529"},"modified":"2025-03-12T07:39:08","modified_gmt":"2025-03-12T06:39:08","slug":"dispositif-groupe-relais","status":"publish","type":"page","link":"http:\/\/saint-charles.net\/NSTC\/?page_id=2529","title":{"rendered":"Dispositif \u00ab\u00a0Groupe Relais\u00a0\u00bb"},"content":{"rendered":"<div class=\"wp-block-image\">\n<figure class=\"aligncenter size-full\"><img loading=\"lazy\" decoding=\"async\" width=\"251\" height=\"252\" src=\"http:\/\/saint-charles.net\/NSTC\/wp-content\/uploads\/2025\/03\/livret-familles-modifie40.jpg\" alt=\"\" class=\"wp-image-2530\" srcset=\"http:\/\/saint-charles.net\/NSTC\/wp-content\/uploads\/2025\/03\/livret-familles-modifie40.jpg 251w, http:\/\/saint-charles.net\/NSTC\/wp-content\/uploads\/2025\/03\/livret-familles-modifie40-150x150.jpg 150w\" sizes=\"auto, (max-width: 251px) 100vw, 251px\" \/><\/figure>\n<\/div>\n\n\n<p><strong>Pour Qui ?<\/strong><br \/>\u2022 Un jeune en manque de rep\u00e8res et de confiance<br \/>\u2022 Un jeune en difficult\u00e9s scolaires ou en d\u00e9crochage<br \/>\u2022 Un jeune absent\u00e9iste<br \/>\u2022 Un jeune qui formule le besoin d\u2019\u00eatre aid\u00e9<br \/>\u2022 Ouvert \u00e0 tous les \u00e9l\u00e8ves \u2026pr\u00e9sentant des besoins sp\u00e9cifiques ou pas<\/p>\n<p>\u00a0<\/p>\n<p><strong>Objectifs<\/strong><br \/>\u2022 Redonner go\u00fbt et envie d\u2019apprendre<br \/>\u2022 R\u00e9apprendre \u00e0 vivre en groupe<br \/>\u2022 Redonner confiance<br \/>\u2022 Pr\u00e9vention du d\u00e9crochage scolaire<br \/>\u2022 Accompagnement dans le parcours d\u2019orientation<\/p>\n<p>\u00a0<\/p>\n<p><strong>Ce n\u2019est pas\u2026<\/strong><br \/>\u2022 Une alternative \u00e0 une sanction<br \/>\u2022 Une classe de rattrapage scolaire<br \/>\u2022 Une classe o\u00f9 on n\u2019apprend rien et o\u00f9 on travaille moins<\/p>\n<p>\u00a0<\/p>\n\n\n<div class=\"wp-block-image\">\n<figure class=\"aligncenter size-full\"><img loading=\"lazy\" decoding=\"async\" width=\"502\" height=\"649\" src=\"https:\/\/saint-charles.net\/NSTC\/wp-content\/uploads\/2025\/03\/livret-familles-modifie40-1.jpg\" alt=\"\" class=\"wp-image-2531\" srcset=\"http:\/\/saint-charles.net\/NSTC\/wp-content\/uploads\/2025\/03\/livret-familles-modifie40-1.jpg 502w, http:\/\/saint-charles.net\/NSTC\/wp-content\/uploads\/2025\/03\/livret-familles-modifie40-1-232x300.jpg 232w\" sizes=\"auto, (max-width: 502px) 100vw, 502px\" \/><\/figure>\n<\/div>","protected":false},"excerpt":{"rendered":"<p>Pour Qui ?\u2022 Un jeune en manque de rep\u00e8res et de confiance\u2022 Un jeune en difficult\u00e9s scolaires ou en d\u00e9crochage\u2022 Un jeune absent\u00e9iste\u2022 Un jeune qui formule le besoin d\u2019\u00eatre aid\u00e9\u2022 Ouvert \u00e0 tous les \u00e9l\u00e8ves \u2026pr\u00e9sentant des besoins sp\u00e9cifiques ou pas \u00a0 Objectifs\u2022 Redonner go\u00fbt et envie d\u2019apprendre\u2022 R\u00e9apprendre \u00e0 vivre en groupe\u2022 Redonner [&hellip;]<\/p>\n","protected":false},"author":2,"featured_media":0,"parent":0,"menu_order":0,"comment_status":"closed","ping_status":"closed","template":"","meta":{"footnotes":""},"class_list":["post-2529","page","type-page","status-publish","hentry"],"_links":{"self":[{"href":"http:\/\/saint-charles.net\/NSTC\/index.php?rest_route=\/wp\/v2\/pages\/2529","targetHints":{"allow":["GET"]}}],"collection":[{"href":"http:\/\/saint-charles.net\/NSTC\/index.php?rest_route=\/wp\/v2\/pages"}],"about":[{"href":"http:\/\/saint-charles.net\/NSTC\/index.php?rest_route=\/wp\/v2\/types\/page"}],"author":[{"embeddable":true,"href":"http:\/\/saint-charles.net\/NSTC\/index.php?rest_route=\/wp\/v2\/users\/2"}],"replies":[{"embeddable":true,"href":"http:\/\/saint-charles.net\/NSTC\/index.php?rest_route=%2Fwp%2Fv2%2Fcomments&post=2529"}],"version-history":[{"count":1,"href":"http:\/\/saint-charles.net\/NSTC\/index.php?rest_route=\/wp\/v2\/pages\/2529\/revisions"}],"predecessor-version":[{"id":2532,"href":"http:\/\/saint-charles.net\/NSTC\/index.php?rest_route=\/wp\/v2\/pages\/2529\/revisions\/2532"}],"wp:attachment":[{"href":"http:\/\/saint-charles.net\/NSTC\/index.php?rest_route=%2Fwp%2Fv2%2Fmedia&parent=2529"}],"curies":[{"name":"wp","href":"https:\/\/api.w.org\/{rel}","templated":true}]}}