{"id":257,"date":"2020-12-08T13:08:35","date_gmt":"2020-12-08T12:08:35","guid":{"rendered":"http:\/\/www.letrognon.com\/college\/?page_id=257"},"modified":"2021-04-02T19:23:19","modified_gmt":"2021-04-02T17:23:19","slug":"histoire-de-lensemble-scolaire","status":"publish","type":"page","link":"http:\/\/saint-charles.net\/NSTC\/?page_id=257","title":{"rendered":"Histoire de l&rsquo;ensemble scolaire"},"content":{"rendered":"\n<div class=\"wp-block-columns is-layout-flex wp-container-core-columns-is-layout-9d6595d7 wp-block-columns-is-layout-flex\">\n<div class=\"wp-block-column is-layout-flow wp-block-column-is-layout-flow\">\n<p>[edsanimate_start entry_animation_type= \u00ab\u00a0fadeIn\u00a0\u00bb entry_delay= \u00ab\u00a00\u00a0\u00bb entry_duration= \u00ab\u00a01\u00a0\u00bb entry_timing= \u00ab\u00a0linear\u00a0\u00bb exit_animation_type= \u00ab\u00a0\u00a0\u00bb exit_delay= \u00ab\u00a0\u00a0\u00bb exit_duration= \u00ab\u00a0\u00a0\u00bb exit_timing= \u00ab\u00a0\u00a0\u00bb animation_repeat= \u00ab\u00a01\u00a0\u00bb keep= \u00ab\u00a0yes\u00a0\u00bb animate_on= \u00ab\u00a0load\u00a0\u00bb scroll_offset= \u00ab\u00a0\u00a0\u00bb custom_css_class= \u00ab\u00a0\u00a0\u00bb]<\/p>\n<h1>Histoire de l&rsquo;ensemble scolaire<\/h1>\n<p>[edsanimate_end]<\/p>\n\n\n\n<div class=\"wp-block-columns is-layout-flex wp-container-core-columns-is-layout-9d6595d7 wp-block-columns-is-layout-flex\">\n<div class=\"wp-block-column is-layout-flow wp-block-column-is-layout-flow\">\n<p class=\"animated appear duration1 eds-on-scroll\">Les fr\u00e8res des \u00e9coles chr\u00e9tiennes sont arriv\u00e9s \u00e0 Armenti\u00e8res en <strong>1840 <\/strong>\u00e0 la demande de la municipalit\u00e9, afin de s\u2019occuper de l\u2019enseignement des enfants de la cit\u00e9.<\/p>\n\n\n\n<p>S\u2019installant tout d\u2019abord pr\u00e8s de la Grand-Place, dans le fond de la cour de l\u2019h\u00f4tel du Lion d\u2019Or (cet H\u00f4tel fut d\u00e9truit en 1860 lorsque fut perc\u00e9e la rue de l\u2019\u00e9cole (rue Sadi Carnot), ils \u00e9migraient en 1862 dans la rue Imp\u00e9riale (Rue Nationale) et ouvraient en <strong>1864 <\/strong>une seconde \u00e9cole rue Solf\u00e9rino (rue Paul Bert).<\/p>\n\n\n\n<p>En <strong>1879, <\/strong>pressentant leur d\u00e9part suite \u00e0 la la\u00efcisation des \u00e9coles, les Fr\u00e8res ouvraient le demi-pensionnat Saint Jude pour y donner l\u2019enseignement secondaire, mais trois ans plus tard la direction en \u00e9tait confi\u00e9e \u00e0 des pr\u00eatres.<\/p>\n\n\n\n<p><\/p>\n<\/div>\n\n\n\n<div class=\"wp-block-column is-layout-flow wp-block-column-is-layout-flow\">\n<p>En <strong>1882, <\/strong>on retirait aux fr\u00e8res l\u2019enseignement officiel de l\u2019instruction primaire. C\u2019est ainsi qu\u2019ils furent invit\u00e9s \u00e0 quitter leurs fonctions et les \u00e9coles des rues Nationale et Solf\u00e9rino, ces deux \u00e9coles \u00e9tant confi\u00e9es \u00e0 des instituteurs la\u00efcs.<\/p>\n\n\n\n<p>Des industriels form\u00e8rent alors un comit\u00e9 pour \u00e9tablir des \u00e9coles libres.<\/p>\n\n\n\n<p>Ils firent l\u2019acquisition d\u2019un vaste local inhabit\u00e9 depuis de nombreuses ann\u00e9es et s\u2019\u00e9tendant de la Grand-Place \u00e0 la rue des Agneaux (Rue Gustave Duriez).<\/p>\n\n\n\n<p>En octobre <strong>1884, <\/strong>les fr\u00e8res \u00e9taient dans la n\u00e9cessit\u00e9 d\u2019en r\u00e9duire le nombre de classes.<\/p>\n\n\n\n<p>Pour ne pas \u00eatre dans l\u2019obligation de renvoyer des \u00e9l\u00e8ves, ils ouvraient <strong>le 3 octobre 1884 <\/strong>dans l\u2019ancienne filature MAHIEU sise rue du Molinel l\u2019\u00e9cole gratuite Saint-Vaast.<\/p>\n<\/div>\n<\/div>\n\n\n\n<h2 class=\"has-text-align-center wp-block-heading\">AINSI NAISSAIT L\u2019ECOLE SAINT CHARLES.&nbsp;<\/h2>\n<\/div>\n<\/div>\n\n\n\n<p class=\"fadeScroll\">Apr\u00e8s avoir abandonn\u00e9 cette \u00e9cole aux ma\u00eetres la\u00efcs <strong>du 1\u2033 Octobre 1887 au 1\u2033 avril 1889, <\/strong>les Fr\u00e8res des \u00e9coles chr\u00e9tiennes s\u2019y installent d\u00e9finitivement.<\/p>\n\n\n\n<p class=\"fadeScroll\" id=\"fadeScroll\">Les b\u00e2timents formant le quadrilat\u00e8re Saint-Charles Sainte Anne s\u2019\u00e9tendent alors de la rue des promenades (rue Deceuninck), du Molinel, et des Agneaux.<\/p>\n\n\n\n<p class=\"fadeScroll\" id=\"fadeScroll\">Ils sont enti\u00e8rement occup\u00e9s tant par les classes que par les oeuvres, et le patronage se divise en deux parties : Saint Stanislas et Saint Louis.<\/p>\n\n\n\n<hr class=\"wp-block-separator has-text-color has-background has-white-background-color has-white-color is-style-default\"\/>\n\n\n\n<p class=\"fadeScroll\" id=\"fadeScroll\"><strong>En 1890, <\/strong>on s\u00e9pare les b\u00e2timents en deux, \u00e0 cause de la la\u00efcisation des \u00e9coles des Soeurs de la Charit\u00e9 et \u00e0 <strong>la rentr\u00e9e de 1892, <\/strong>les familles demandent des classes payantes.<\/p>\n\n\n\n<p class=\"fadeScroll\" id=\"fadeScroll\">C\u2019est maintenant l\u2019\u00e9cole gratuite ou Externat Saint Charles.<\/p>\n\n\n\n<p class=\"fadeScroll\" id=\"fadeScroll\">D\u00e9sormais les \u00e9l\u00e8ves sortent par la rue des promenades et les enfants de l\u2019\u00e9cole gratuite Saint Vaast par la rue du Molinel. L\u2019\u00e9cole est sous la Direction de <strong>fr\u00e8re ANICE.<\/strong><\/p>\n\n\n\n<p class=\"fadeScroll\" id=\"fadeScroll\">Sous l\u2019impulsion des fr\u00e8res, non seulement le nombre d\u2019\u00e9l\u00e8ves ne cesse d\u2019augmenter, mais on assiste \u00e0 l\u2019ouverture d\u2019autres \u00e9coles : Saint-Joseph dans la paroisse notre Dame, Saint Roch et Sacr\u00e9 Coeur.<\/p>\n\n\n\n<p class=\"fadeScroll\" id=\"fadeScroll\">Chaque jour les Fr\u00e8res se rendent dans ces \u00e9coles pour y exercer leur apostolat. Le fr\u00e8re ANICE en suit le d\u00e9veloppement.<\/p>\n\n\n\n<hr class=\"wp-block-separator has-text-color has-background has-white-background-color has-white-color is-style-wide\"\/>\n\n\n\n<p><strong>En mars 1905, <\/strong>avec la s\u00e9paration de l\u2019\u00e9glise et de l\u2019\u00e9tat, commence la fermeture des \u00e9coles religieuses. Les Fr\u00e8res de l\u2019\u00e9cole Notre Dame (Saint Joseph) re\u00e7oivent l\u2019ordre de s\u2019en aller \u00e0 la fin de l\u2019ann\u00e9e scolaire.<\/p>\n\n\n\n<p>C\u2019est la premi\u00e8re \u00e9cole qui sera atteinte par la loi du 4 juillet 1904 et qui sera ferm\u00e9e officiellement le 1<sup>er<\/sup> septembre 1905. Les autres \u00e9coles fermeront l\u2019ann\u00e9e suivante (l<sup>er<\/sup> septembre 1906) et les fr\u00e8res des \u00e9coles chr\u00e9tiennes quitteront la Cit\u00e9 pour prendre le chemin de l\u2019exil.<\/p>\n\n\n\n<p>Ils furent remplac\u00e9s par des ma\u00eetres civils <strong>jusqu\u2019en 1914.<\/strong><\/p>\n\n\n\n<p>Lorsque la premi\u00e8re guerre mondiale \u00e9clata, les ma\u00eetres furent mobilis\u00e9s. Armenti\u00e8res devint une ville du front et devant les bombardements continuels, la population \u00e9vacua. Les destructions ne laiss\u00e8rent que des ruines et l\u2019\u00e9cole Saint Charles fut d\u00e9vast\u00e9e. Le corps du b\u00e2timent de la rue du Molinel fut r\u00e9duit \u00e0 n\u00e9ant. Il est actuellement remplac\u00e9 par le pr\u00e9au. Quant \u00e0 celui front \u00e0 la rue des promenades, il \u00e9tait tr\u00e8s endommag\u00e9, le toit et le premier \u00e9tage \u00e9ffondr\u00e9s.<\/p>\n\n\n\n<p>La guerre finie, il fallut songer \u00e0 la reconstruction.<\/p>\n\n\n\n<p>Bien vite, en 1919, gr\u00e2ce \u00e0 <strong>Mr le Chanoine HEMERY, sup\u00e9rieur de Saint Jude, <\/strong>trois classes se reformaient \u00e0 l\u2019\u00e9cole Saint Charles.<\/p>\n\n\n\n<hr class=\"wp-block-separator has-text-color has-background has-white-background-color has-white-color is-style-wide\"\/>\n\n\n\n<div class=\"wp-block-columns is-layout-flex wp-container-core-columns-is-layout-9d6595d7 wp-block-columns-is-layout-flex\">\n<div class=\"wp-block-column is-layout-flow wp-block-column-is-layout-flow\">\n<p>Pendant ce temps, M. le Chanoine BOUCHENDOMME, doyen d\u2019Armenti\u00e8res, faisait r\u00e9parer le premier \u00e9tage et le toit de l\u2019ancienne chapelle du cercle de la rue des Promenades (par la suite, cet endroit sera le si\u00e8ge d\u2019une soci\u00e9t\u00e9 de gymnastique, la \u00ab jeune garde \u00bb).<\/p>\n\n\n\n<p>Puis dans ces locaux, s\u2019ouvrit l\u2019\u00e9glise provisoire de St Vaast et St Roch, donnant neuf messes chaque dimanche pour toute la ville.<\/p>\n<\/div>\n\n\n\n<div class=\"wp-block-column is-layout-flow wp-block-column-is-layout-flow\">\n<p>Les travaux achev\u00e9s, l\u2019\u00e9cole Saint Charles rouvrait ses portes le 4 octobre 1922.<\/p>\n\n\n\n<p>Soixante-douze \u00e9l\u00e8ves r\u00e9partis en trois classes faisaient leur entr\u00e9e. Le Fr\u00e8re Cosme Dominique assurait la Direction. M. Le Vicaire G\u00e9n\u00e9ral Jourdain, Doyen d\u2019Armenti\u00e8res de 1909 \u00e0 1914, avait en effet beaucoup insist\u00e9 pour le retour des Fr\u00e8res, malgr\u00e9 de nombreuses difficult\u00e9s administratives.<\/p>\n<\/div>\n<\/div>\n\n\n\n<hr class=\"wp-block-separator has-text-color has-background has-white-background-color has-white-color is-style-wide\"\/>\n\n\n\n<p>En 1923\/1924, l\u2019\u00e9cole \u00e9tait dot\u00e9e d\u2019un cours sup\u00e9rieur et, en 1925, le Fr\u00e8re Fortunatien Marie rempla\u00e7ait Fr\u00e8re Dominique.<\/p>\n\n\n\n<p>L\u2019\u00e9cole ne cessait de prendre de l\u2019expansion. Le nombre des \u00e9l\u00e8ves augmentait d\u2019ann\u00e9e en ann\u00e9e et les recrues venaient de toutes les paroisses de la ville et de tous les villages environnants.<\/p>\n\n\n\n<p>De 72 \u00e9l\u00e8ves en trois classes de 1922, l\u2019effectif passait \u00e0 423 \u00e9l\u00e8ves r\u00e9partis en dix classes en 1935.<\/p>\n\n\n\n<p>Pour venir en aide \u00e0 l\u2019\u00e9cole fut cr\u00e9\u00e9 le comit\u00e9 de la foire aux plaisirs. Depuis 1933, celui-ci organisa chaque ann\u00e9e \u00e0 la mi-juillet une grande kermesse qui est une des plus c\u00e9l\u00e8bres de la r\u00e9gion et qui s\u2019est perp\u00e9tu\u00e9e jusqu\u2019\u00e0 nos jours.<\/p>\n\n\n\n<hr class=\"wp-block-separator has-text-color has-background has-white-background-color has-white-color is-style-dots\"\/>\n\n\n\n<p>En 1934 les fr\u00e8res reprenaient <em>leur <\/em>costume.<\/p>\n\n\n\n<p>On ouvrait dans l\u2019\u00e9cole des ateliers du bois et du fer. L\u2019\u00e9cole pr\u00e9parait \u00e0 divers examens : BE, REPS, dipl\u00f4me de st\u00e9no-dactylo, certificats sup\u00e9rieurs, compl\u00e9mentaires et \u00e9l\u00e9mentaires.<\/p>\n\n\n\n<hr class=\"wp-block-separator has-text-color has-background has-white-background-color has-white-color is-style-dots\"\/>\n\n\n\n<p>En 1939, la mobilisation amenait quelques changements dans le personnel et la guerre s\u2019abattait \u00e0 nouveau dans la cit\u00e9.<\/p>\n\n\n\n<hr class=\"wp-block-separator has-text-color has-background has-white-background-color has-white-color is-style-dots\"\/>\n\n\n\n<p>En mai 1940, les bombes et les torpilles s\u2019acharnaient sur l\u2019\u00e9cole Saint Charles. Le parloir et le r\u00e9fectoire des fr\u00e8res \u00e9taient inutilisables, ainsi que 4 classes \u00e0 l\u2019extr\u00e9mit\u00e9 du b\u00e2timent de la rue Deceuninck. En juin 1940, l\u2019\u00e9cole \u00e9tait dans l\u2019impossibilit\u00e9 de reprendre les cours et fusionna momentan\u00e9ment avec Saint Edouard. De nouveaux travaux durent \u00eatre entrepris afin de pouvoir rouvrir au nouvel an 1941.<\/p>\n\n\n\n<hr class=\"wp-block-separator has-text-color has-background has-white-background-color has-white-color is-style-dots\"\/>\n\n\n\n<p>Le 14 mai 1944 vit encore la fermeture de tous les \u00e9tablissements scolaires.<\/p>\n\n\n\n<p>Lors du bombardement du 22 juin 1944, parmi les 120 victimes armenti\u00e8roises, on comptait 3 \u00e9l\u00e8ves et 8 jeunes anciens de l\u2019\u00e9cole. Afin de perp\u00e9tuer leur souvenir, l\u2019amicale des jeunes r\u00e9digea un fascicule \u00ab In Memoriam \u00bb.<\/p>\n\n\n\n<p>Parmi les nombreuses r\u00e9alisations, on notait l\u2019amicale des anciens \u00e9l\u00e8ves, l\u2019amicale des jeunes avec son bulletin trimestriel \u00ab voix de l\u2019E.S.C.A. \u00bb et le comit\u00e9 familial scolaire paroissial.<\/p>\n\n\n\n<hr class=\"wp-block-separator has-text-color has-background has-white-background-color has-white-color is-style-dots\"\/>\n\n\n\n<p>En 1972, les fr\u00e8res des \u00e9coles chr\u00e9tiennes d\u00e9cidaient de quitter le coll\u00e8ge Saint Charles et annon\u00e7aient leur d\u00e9part.<\/p>\n\n\n\n<p>La direction dioc\u00e9saine, reconnaissant la qualit\u00e9 de l\u2019\u00e9quipe enseignante en place, laissait alors au groupe des professeurs le soin d\u2019\u00e9lire leur directeur.<\/p>\n\n\n\n<p>Monsieur BARBRY, enseignant depuis 1963 \u00e0 Saint Charles, fut \u00e9lu et resta \u00e0 son poste jusqu\u2019en 1989, date \u00e0 laquelle il fut remplac\u00e9 par Monsieur Desmarets.<\/p>\n\n\n\n<p>Sous son directorat, l\u2019\u00e9cole fut en constante progression.<\/p>\n\n\n\n<p>L\u2019aspect \u00e9ducatif demeura tr\u00e8s important et une association de voyages de l\u2019\u00e9cole, la S.E.S.C.A. fut cr\u00e9\u00e9e, apportant des sorties correspondant aux mati\u00e8res \u00e9tudi\u00e9es, ainsi que des s\u00e9jours \u00e0 l\u2019\u00e9tranger.<\/p>\n\n\n\n<p>Finalement l\u2019informatique et les ordinateurs fit son apparition \u00e0 Saint Charles en 1985, et les enseignants retourn\u00e8rent \u00ab \u00e0 l\u2019\u00e9cole \u00bb pour cette nouvelle formation.<\/p>\n\n\n\n<hr class=\"wp-block-separator has-text-color has-background has-white-background-color has-white-color is-style-dots\"\/>\n\n\n\n<p>A la rentr\u00e9e de septembre 1990, l\u2019\u00e9cole Saint Charles accueillait 694 \u00e9l\u00e8ves se r\u00e9partissant dans les 28 classes de l\u2019\u00e9tablissement. 48 enseignants assurent les cours et une vingtaine de personnes se chargent de l\u2019administration et de l\u2019entretien.<\/p>\n","protected":false},"excerpt":{"rendered":"<p>[edsanimate_start entry_animation_type= \u00ab\u00a0fadeIn\u00a0\u00bb entry_delay= \u00ab\u00a00\u00a0\u00bb entry_duration= \u00ab\u00a01\u00a0\u00bb entry_timing= \u00ab\u00a0linear\u00a0\u00bb exit_animation_type= \u00ab\u00a0\u00a0\u00bb exit_delay= \u00ab\u00a0\u00a0\u00bb exit_duration= \u00ab\u00a0\u00a0\u00bb exit_timing= \u00ab\u00a0\u00a0\u00bb animation_repeat= \u00ab\u00a01\u00a0\u00bb keep= \u00ab\u00a0yes\u00a0\u00bb animate_on= \u00ab\u00a0load\u00a0\u00bb scroll_offset= \u00ab\u00a0\u00a0\u00bb custom_css_class= \u00ab\u00a0\u00a0\u00bb] Histoire de l&rsquo;ensemble scolaire [edsanimate_end] Les fr\u00e8res des \u00e9coles chr\u00e9tiennes sont arriv\u00e9s \u00e0 Armenti\u00e8res en 1840 \u00e0 la demande de la municipalit\u00e9, afin de s\u2019occuper de l\u2019enseignement des [&hellip;]<\/p>\n","protected":false},"author":1,"featured_media":0,"parent":0,"menu_order":0,"comment_status":"closed","ping_status":"closed","template":"pageVierge.php","meta":{"footnotes":""},"class_list":["post-257","page","type-page","status-publish","hentry"],"_links":{"self":[{"href":"http:\/\/saint-charles.net\/NSTC\/index.php?rest_route=\/wp\/v2\/pages\/257","targetHints":{"allow":["GET"]}}],"collection":[{"href":"http:\/\/saint-charles.net\/NSTC\/index.php?rest_route=\/wp\/v2\/pages"}],"about":[{"href":"http:\/\/saint-charles.net\/NSTC\/index.php?rest_route=\/wp\/v2\/types\/page"}],"author":[{"embeddable":true,"href":"http:\/\/saint-charles.net\/NSTC\/index.php?rest_route=\/wp\/v2\/users\/1"}],"replies":[{"embeddable":true,"href":"http:\/\/saint-charles.net\/NSTC\/index.php?rest_route=%2Fwp%2Fv2%2Fcomments&post=257"}],"version-history":[{"count":55,"href":"http:\/\/saint-charles.net\/NSTC\/index.php?rest_route=\/wp\/v2\/pages\/257\/revisions"}],"predecessor-version":[{"id":531,"href":"http:\/\/saint-charles.net\/NSTC\/index.php?rest_route=\/wp\/v2\/pages\/257\/revisions\/531"}],"wp:attachment":[{"href":"http:\/\/saint-charles.net\/NSTC\/index.php?rest_route=%2Fwp%2Fv2%2Fmedia&parent=257"}],"curies":[{"name":"wp","href":"https:\/\/api.w.org\/{rel}","templated":true}]}}