{"id":265,"date":"2020-12-08T13:11:51","date_gmt":"2020-12-08T12:11:51","guid":{"rendered":"http:\/\/www.letrognon.com\/college\/?page_id=265"},"modified":"2023-09-28T14:42:01","modified_gmt":"2023-09-28T12:42:01","slug":"inscriptions","status":"publish","type":"page","link":"http:\/\/saint-charles.net\/NSTC\/?page_id=265","title":{"rendered":"Inscriptions &#8211; Ann\u00e9e scolaire 2022\/2023"},"content":{"rendered":"\n<h2 class=\"wp-block-heading\">Bienvenue<\/h2>\n\n\n\n<div class='postItVert animated tada delay1 duration1 eds-on-scroll'>\n\n\n\n<p><strong>RENDEZ VOUS D\u2019INSCRIPTION 2024\/202<\/strong>5<\/p>\n\n\n\n<\/div> \n\n\n\n<div class=\"wp-block-columns is-layout-flex wp-container-core-columns-is-layout-9d6595d7 wp-block-columns-is-layout-flex\">\n<div class=\"wp-block-column is-layout-flow wp-block-column-is-layout-flow\">\n<p>Les rendez-vous d\u2019inscription pour la rentr\u00e9e 2024\/2025 ont d\u00e9but\u00e9 .<br>Merci de suivre le lien de pr\u00e9-inscription ci-dessous, une fois le formulaire rempli nous vous contacterons par t\u00e9l\u00e9phone pour convenir d\u2019un RDV.<\/p>\n<\/div>\n\n\n\n<div class=\"wp-block-column is-layout-flow wp-block-column-is-layout-flow\">\n<p>POUR TOUTES QUESTIONS :<\/p>\n\n\n\n<p>T\u00e9l : 03 20 77 39 38<\/p>\n\n\n\n<p>M\u00e9l :<a href=\"mailto:secretariatdircollege@saint-charles.net\"> secretariatdircollege@saint-charles.net<\/a><\/p>\n<\/div>\n<\/div>\n\n\n<div class=\"wp-block-image animated pulse duration1 infinite\">\n<figure class=\"aligncenter size-large is-resized\"><a href=\"https:\/\/preinscriptions.ecoledirecte.com\/?RNE=0592926K&amp;ETAB=12-CSCH\"><img loading=\"lazy\" decoding=\"async\" src=\"http:\/\/saint-charles.net\/NSTC\/wp-content\/uploads\/2021\/04\/PreInscrip-768x384-1.png\" alt=\"\" class=\"wp-image-684\" style=\"width:384px;height:192px\" width=\"384\" height=\"192\" srcset=\"http:\/\/saint-charles.net\/NSTC\/wp-content\/uploads\/2021\/04\/PreInscrip-768x384-1.png 768w, http:\/\/saint-charles.net\/NSTC\/wp-content\/uploads\/2021\/04\/PreInscrip-768x384-1-300x150.png 300w\" sizes=\"auto, (max-width: 384px) 100vw, 384px\" \/><\/a><\/figure>\n<\/div>","protected":false},"excerpt":{"rendered":"<p>Bienvenue RENDEZ VOUS D\u2019INSCRIPTION 2024\/2025 Les rendez-vous d\u2019inscription pour la rentr\u00e9e 2024\/2025 ont d\u00e9but\u00e9 .Merci de suivre le lien de pr\u00e9-inscription ci-dessous, une fois le formulaire rempli nous vous contacterons par t\u00e9l\u00e9phone pour convenir d\u2019un RDV. POUR TOUTES QUESTIONS : T\u00e9l : 03 20 77 39 38 M\u00e9l : secretariatdircollege@saint-charles.net<\/p>\n","protected":false},"author":1,"featured_media":0,"parent":0,"menu_order":0,"comment_status":"closed","ping_status":"closed","template":"pageVierge.php","meta":{"footnotes":""},"class_list":["post-265","page","type-page","status-publish","hentry"],"_links":{"self":[{"href":"http:\/\/saint-charles.net\/NSTC\/index.php?rest_route=\/wp\/v2\/pages\/265","targetHints":{"allow":["GET"]}}],"collection":[{"href":"http:\/\/saint-charles.net\/NSTC\/index.php?rest_route=\/wp\/v2\/pages"}],"about":[{"href":"http:\/\/saint-charles.net\/NSTC\/index.php?rest_route=\/wp\/v2\/types\/page"}],"author":[{"embeddable":true,"href":"http:\/\/saint-charles.net\/NSTC\/index.php?rest_route=\/wp\/v2\/users\/1"}],"replies":[{"embeddable":true,"href":"http:\/\/saint-charles.net\/NSTC\/index.php?rest_route=%2Fwp%2Fv2%2Fcomments&post=265"}],"version-history":[{"count":6,"href":"http:\/\/saint-charles.net\/NSTC\/index.php?rest_route=\/wp\/v2\/pages\/265\/revisions"}],"predecessor-version":[{"id":2001,"href":"http:\/\/saint-charles.net\/NSTC\/index.php?rest_route=\/wp\/v2\/pages\/265\/revisions\/2001"}],"wp:attachment":[{"href":"http:\/\/saint-charles.net\/NSTC\/index.php?rest_route=%2Fwp%2Fv2%2Fmedia&parent=265"}],"curies":[{"name":"wp","href":"https:\/\/api.w.org\/{rel}","templated":true}]}}