{"id":267,"date":"2020-12-08T13:13:19","date_gmt":"2020-12-08T12:13:19","guid":{"rendered":"http:\/\/www.letrognon.com\/college\/?page_id=267"},"modified":"2022-11-18T16:48:54","modified_gmt":"2022-11-18T15:48:54","slug":"lequipe-de-lecole","status":"publish","type":"page","link":"http:\/\/saint-charles.net\/NSTC\/?page_id=267","title":{"rendered":"L&rsquo;\u00e9quipe de l&rsquo;\u00e9cole"},"content":{"rendered":"\n<h1>L&rsquo;\u00e9quipe de l&rsquo;\u00e9cole<\/h1>\n\n\n\n<p>L\u2019\u00e9cole Ste Famille est une \u00e9quipe compos\u00e9e du personnel enseignant et non-enseignant&nbsp;(Aides-maternelles, surveillants de cantine, personnel d\u2019entretien\u2026). <\/p>\n\n\n\n<p>C\u2019est l\u2019ensemble de l\u2019\u00e9quipe qui contribue par leur pr\u00e9sence et leur travail \u00e0 l\u2019encadrement \u00e9ducatif des \u00e9l\u00e8ves et \u00e0 la bonne marche de l\u2019\u00e9cole.<\/p>\n\n\n\n<p><\/p>\n\n\n\n<p class=\"has-medium-font-size\"><strong><span style=\"color:#9b51e0\" class=\"tadv-color\">CHEF D&rsquo;ETABLISSEMENT : Marc ROUSSELLE<\/span><\/strong><\/p>\n\n\n\n<p><\/p>\n\n\n\n<hr class=\"wp-block-separator has-alpha-channel-opacity\"\/>\n\n\n\n<p><\/p>\n\n\n\n<p class=\"has-pale-cyan-blue-color has-text-color has-medium-font-size\">EQUIPE SUR LE SITE   <strong>\u00ab\u00a0SAINT ROCH\u00a0\u00bb<\/strong><\/p>\n\n\n\n<p><\/p>\n\n\n\n<p><strong><u>L\u2019\u00e9quipe enseignante&nbsp;:&nbsp;<\/u><\/strong><\/p>\n\n\n\n<figure class=\"wp-block-table\"><table><tbody><tr><td>CM1\/CM2<\/td><td>Madame Vanhee Elise&nbsp;<\/td><\/tr><tr><td>CE2\/CM1<\/td><td>Madame Cr\u00e9maux Sarah<\/td><\/tr><tr><td>CE1<\/td><td>Monsieur Deschepper<\/td><\/tr><tr><td>CP<\/td><td>Madame Wattelle Claire<\/td><\/tr><tr><td>MS\/GS<\/td><td>Madame Pell\u00e9 Virginie<\/td><\/tr><tr><td>TPS\/PS<\/td><td>Madame Lefebvre B\u00e9atrice<\/td><\/tr><\/tbody><\/table><figcaption class=\"wp-element-caption\"><strong>La structure peut \u00eatre modifi\u00e9e en fonction des derni\u00e8res demandes d\u2019inscriptions.<\/strong><\/figcaption><\/figure>\n\n\n\n<p><\/p>\n\n\n\n<p><strong><u>&nbsp;L\u2019\u00e9quipe non enseignante<\/u><\/strong><strong>&nbsp;:&nbsp;<\/strong><\/p>\n\n\n\n<figure class=\"wp-block-table\"><table><tbody><tr><td>Secr\u00e9taire site Kennedy<\/td><td>Madame Vandermeersch Val\u00e9rie<\/td><\/tr><tr><td>Aide maternelle \u2013 cantine &#8211; garderies<\/td><td>Madame Gottrand Caroline \/ Madame Ibrahimi Ouafila<\/td><\/tr><tr><td>Cantine<\/td><td>Madame Ballat Nathalie<\/td><\/tr><tr><td>Entretien des b\u00e2timents<\/td><td>Monsieur Fauquier Fran\u00e7ois<\/td><\/tr><\/tbody><\/table><\/figure>\n\n\n\n<p><\/p>\n\n\n\n<p class=\"has-vivid-cyan-blue-color has-text-color has-medium-font-size\">EQUIPE SUR LE SITE   <strong>\u00ab\u00a0SAINT THERESE\u00a0\u00bb<\/strong><\/p>\n\n\n\n<p><\/p>\n\n\n\n<p><strong><u>L\u2019\u00e9quipe enseignante&nbsp;:&nbsp;<\/u><\/strong><\/p>\n\n\n\n<figure class=\"wp-block-table\"><table><tbody><tr><td>CM2<\/td><td>Madame Le Cerf M\u00e9lanie<\/td><\/tr><tr><td>CM1<\/td><td>Madame Gallois Aur\u00e9lie<\/td><\/tr><tr><td>CE2<\/td><td>Madame Alexandre Priscilla<\/td><\/tr><tr><td>CE1<\/td><td>Madame Debruyne V\u00e9ronique<\/td><\/tr><tr><td>CP<\/td><td>Madame Tuybens Romina<\/td><\/tr><tr><td>GS<\/td><td>Madame Swal Anne-Sophie<\/td><\/tr><tr><td>MS<\/td><td>Madame Duplouy Catherine<\/td><\/tr><tr><td>PS<\/td><td>Madame Descamps Sylvie<\/td><\/tr><tr><td>ULIS<\/td><td>&nbsp;<\/td><\/tr><\/tbody><\/table><\/figure>\n\n\n\n<p><strong><u>&nbsp;L\u2019\u00e9quipe non enseignante<\/u><\/strong><strong>&nbsp;:&nbsp;<\/strong><\/p>\n\n\n\n<figure class=\"wp-block-table\"><table><tbody><tr><td>Secr\u00e9taire<\/td><td>Mme Vandermeersch Val\u00e9rie<\/td><\/tr><tr><td>Responsable cantine + Aide maternelle<\/td><td>Mme&nbsp;&nbsp;Lefebvre Marie-Pascale<\/td><\/tr><tr><td>Garderie + aide-maternelle&nbsp;Aide Maternelle + cantineAide aux \u00e9l\u00e8ves&nbsp;<\/td><td>Mme Bellengier Am\u00e9lieMme Ibrahimi Ouafila<\/td><\/tr><tr><td>Aide Cantine<\/td><td><\/td><\/tr><tr><td>Entretien des b\u00e2timents<\/td><td>M. Fauquier Fran\u00e7ois<\/td><\/tr><\/tbody><\/table><\/figure>\n","protected":false},"excerpt":{"rendered":"<p>L&rsquo;\u00e9quipe de l&rsquo;\u00e9cole L\u2019\u00e9cole Ste Famille est une \u00e9quipe compos\u00e9e du personnel enseignant et non-enseignant&nbsp;(Aides-maternelles, surveillants de cantine, personnel d\u2019entretien\u2026). C\u2019est l\u2019ensemble de l\u2019\u00e9quipe qui contribue par leur pr\u00e9sence et leur travail \u00e0 l\u2019encadrement \u00e9ducatif des \u00e9l\u00e8ves et \u00e0 la bonne marche de l\u2019\u00e9cole. CHEF D&rsquo;ETABLISSEMENT : Marc ROUSSELLE EQUIPE SUR LE SITE \u00ab\u00a0SAINT ROCH\u00a0\u00bb [&hellip;]<\/p>\n","protected":false},"author":1,"featured_media":0,"parent":0,"menu_order":0,"comment_status":"closed","ping_status":"closed","template":"pageVierge.php","meta":{"footnotes":""},"class_list":["post-267","page","type-page","status-publish","hentry"],"_links":{"self":[{"href":"http:\/\/saint-charles.net\/NSTC\/index.php?rest_route=\/wp\/v2\/pages\/267","targetHints":{"allow":["GET"]}}],"collection":[{"href":"http:\/\/saint-charles.net\/NSTC\/index.php?rest_route=\/wp\/v2\/pages"}],"about":[{"href":"http:\/\/saint-charles.net\/NSTC\/index.php?rest_route=\/wp\/v2\/types\/page"}],"author":[{"embeddable":true,"href":"http:\/\/saint-charles.net\/NSTC\/index.php?rest_route=\/wp\/v2\/users\/1"}],"replies":[{"embeddable":true,"href":"http:\/\/saint-charles.net\/NSTC\/index.php?rest_route=%2Fwp%2Fv2%2Fcomments&post=267"}],"version-history":[{"count":8,"href":"http:\/\/saint-charles.net\/NSTC\/index.php?rest_route=\/wp\/v2\/pages\/267\/revisions"}],"predecessor-version":[{"id":1476,"href":"http:\/\/saint-charles.net\/NSTC\/index.php?rest_route=\/wp\/v2\/pages\/267\/revisions\/1476"}],"wp:attachment":[{"href":"http:\/\/saint-charles.net\/NSTC\/index.php?rest_route=%2Fwp%2Fv2%2Fmedia&parent=267"}],"curies":[{"name":"wp","href":"https:\/\/api.w.org\/{rel}","templated":true}]}}