{"id":269,"date":"2020-12-08T13:13:46","date_gmt":"2020-12-08T12:13:46","guid":{"rendered":"http:\/\/www.letrognon.com\/college\/?page_id=269"},"modified":"2022-11-06T18:57:00","modified_gmt":"2022-11-06T17:57:00","slug":"horaires-de-lecole","status":"publish","type":"page","link":"http:\/\/saint-charles.net\/NSTC\/?page_id=269","title":{"rendered":"Horaires de l&rsquo;\u00e9cole"},"content":{"rendered":"\n<h1>Horaires de l&rsquo;\u00e9cole<\/h1>\n\n\n\n<h2 class=\"has-luminous-vivid-orange-color has-text-color\">1. <strong><u>Garderie<\/u><\/strong><\/h2>\n\n\n\n<figure class=\"wp-block-table\"><table><tbody><tr><td>Garderie du matin<\/td><td>Garderie du soir<\/td><\/tr><tr><td><strong>A partir de 7 h 30 et jusqu\u2019\u00e0 8 h 15<\/strong><\/td><td><strong>A partir de 16 h 45.<\/strong><br><strong>Tous les enfants doivent \u00eatre repartis \u00e0 18 h 00.<\/strong><\/td><\/tr><\/tbody><\/table><\/figure>\n\n\n\n<p class=\"has-vivid-red-color has-text-color has-medium-font-size\"><em><strong>Attention&nbsp;!&nbsp;<\/strong><\/em><\/p>\n\n\n\n<p class=\"has-vivid-red-color has-text-color\"><em>Les enfants n\u2019ayant pas \u00e9t\u00e9 r\u00e9cup\u00e9r\u00e9s \u00e0 16 h 45 seront mis directement en garderie ou en \u00e9tude selon leur \u00e2ge. Celle-ci vous sera alors factur\u00e9e.<\/em><\/p>\n\n\n\n<div style=\"height:100px\" aria-hidden=\"true\" class=\"wp-block-spacer\"><\/div>\n\n\n\n<h2 class=\"has-luminous-vivid-orange-color has-text-color\"><strong><u>2. Etude<\/u><\/strong>\u00a0:\u00a0du lundi au vendredi de 16 h 45 \u00e0 17 h 30.<\/h2>\n\n\n\n<p>Vous comprendrez ais\u00e9ment que vos enfants ont besoin de calme pour travailler dans de bonnes conditions. En cons\u00e9quence, nous vous demandons de venir chercher votre enfant \u00e0 la fin de l\u2019\u00e9tude soit 17h30.&nbsp;<\/p>\n\n\n\n<p><\/p>\n\n\n\n<div style=\"height:100px\" aria-hidden=\"true\" class=\"wp-block-spacer\"><\/div>\n\n\n\n<h2 class=\"has-luminous-vivid-orange-color has-text-color\"><strong><u>3. Ecole maternelle et \u00e9l\u00e9mentaire\u00a0:\u00a0<\/u><\/strong><\/h2>\n\n\n\n<figure class=\"wp-block-table\"><table><tbody><tr><td><strong>Matin<\/strong><\/td><td><strong>Apr\u00e8s-midi<\/strong><\/td><\/tr><tr><td><strong>Entr\u00e9e de 8 h 15 \u00e0 8 h 30<\/strong><strong>Sortie \u00e0 11 h 30<\/strong><\/td><td><strong>Entr\u00e9e de 13 h 15 \u00e0 13 h 25<\/strong><strong>Sortie \u00e0 16 h 30<\/strong><\/td><\/tr><\/tbody><\/table><\/figure>\n\n\n\n<p><\/p>\n\n\n\n<p><strong>ATTENTION&nbsp;:&nbsp;<\/strong><\/p>\n\n\n\n<p class=\"has-white-color has-vivid-red-background-color has-text-color has-background\"><strong>Les portes de l\u2019\u00e9cole se ferment \u00e0 8 h 30 et \u00e0 13 h 25<\/strong>.&nbsp;Nous demandons d\u00e8s lors aux parents<strong>&nbsp;<\/strong>de quitter l\u2019\u00e9tablissement rapidement&nbsp;: de ne rester ni dans les cours de r\u00e9cr\u00e9ation ni dans les classes&nbsp;!<\/p>\n\n\n\n<p>La classe commence \u00e0 8 h 30&nbsp;: les enfants doivent arriver avant de mani\u00e8re \u00e0 avoir le temps de s\u2019installer.<\/p>\n\n\n\n<p>Les retards&nbsp;&nbsp;doivent \u00eatre&nbsp;<strong>exceptionnels&nbsp;<\/strong>car ils d\u00e9rangent tout le monde.<\/p>\n\n\n\n<p>Rappel&nbsp;:&nbsp;En cas d\u2019absence injustifi\u00e9e ou non valable, l\u2019enfant et sa famille s\u2019exposent \u00e0 un signalement aupr\u00e8s de l\u2019Inspecteur d\u2019Acad\u00e9mie ainsi qu\u2019\u00e0 des sanctions. Attention, aux d\u00e9parts en vacances avant l\u2019arr\u00eat de la classe, cela pose probl\u00e8me pour les \u00e9valuations&nbsp;!!!<\/p>\n","protected":false},"excerpt":{"rendered":"<p>Horaires de l&rsquo;\u00e9cole 1. Garderie Garderie du matin Garderie du soir A partir de 7 h 30 et jusqu\u2019\u00e0 8 h 15 A partir de 16 h 45.Tous les enfants doivent \u00eatre repartis \u00e0 18 h 00. Attention&nbsp;!&nbsp; Les enfants n\u2019ayant pas \u00e9t\u00e9 r\u00e9cup\u00e9r\u00e9s \u00e0 16 h 45 seront mis directement en garderie ou en [&hellip;]<\/p>\n","protected":false},"author":1,"featured_media":0,"parent":0,"menu_order":0,"comment_status":"closed","ping_status":"closed","template":"pageVierge.php","meta":{"footnotes":""},"class_list":["post-269","page","type-page","status-publish","hentry"],"_links":{"self":[{"href":"http:\/\/saint-charles.net\/NSTC\/index.php?rest_route=\/wp\/v2\/pages\/269","targetHints":{"allow":["GET"]}}],"collection":[{"href":"http:\/\/saint-charles.net\/NSTC\/index.php?rest_route=\/wp\/v2\/pages"}],"about":[{"href":"http:\/\/saint-charles.net\/NSTC\/index.php?rest_route=\/wp\/v2\/types\/page"}],"author":[{"embeddable":true,"href":"http:\/\/saint-charles.net\/NSTC\/index.php?rest_route=\/wp\/v2\/users\/1"}],"replies":[{"embeddable":true,"href":"http:\/\/saint-charles.net\/NSTC\/index.php?rest_route=%2Fwp%2Fv2%2Fcomments&post=269"}],"version-history":[{"count":8,"href":"http:\/\/saint-charles.net\/NSTC\/index.php?rest_route=\/wp\/v2\/pages\/269\/revisions"}],"predecessor-version":[{"id":1383,"href":"http:\/\/saint-charles.net\/NSTC\/index.php?rest_route=\/wp\/v2\/pages\/269\/revisions\/1383"}],"wp:attachment":[{"href":"http:\/\/saint-charles.net\/NSTC\/index.php?rest_route=%2Fwp%2Fv2%2Fmedia&parent=269"}],"curies":[{"name":"wp","href":"https:\/\/api.w.org\/{rel}","templated":true}]}}