{"id":271,"date":"2020-12-08T13:14:44","date_gmt":"2020-12-08T12:14:44","guid":{"rendered":"http:\/\/www.letrognon.com\/college\/?page_id=271"},"modified":"2022-11-06T19:05:58","modified_gmt":"2022-11-06T18:05:58","slug":"reglement-interieur-de-lecole","status":"publish","type":"page","link":"http:\/\/saint-charles.net\/NSTC\/?page_id=271","title":{"rendered":"R\u00e8glement Int\u00e9rieur de l&rsquo;\u00e9cole pour chaque \u00e9l\u00e8ve"},"content":{"rendered":"\n<h1 class=\"wp-block-heading\">R\u00e8glement Int\u00e9rieur de l&rsquo;\u00e9cole pour chaque \u00e9l\u00e8ve<\/h1>\n\n\n\n<ol class=\"wp-block-list\" type=\"1\">\n<li><strong>J\u2019arrive \u00e0 l\u2019heure le matin et l\u2019apr\u00e8s-midi.&nbsp;<\/strong><\/li>\n\n\n\n<li><strong>Je respecte le r\u00e8glement int\u00e9rieur de l\u2019\u00e9cole<\/strong>\u00a0(politesse, respect de soi et des autres,\u00a0respect du mat\u00e9riel et de l\u2019environnement).<\/li>\n<\/ol>\n\n\n\n<ol class=\"wp-block-list\" type=\"1\" start=\"3\">\n<li><strong>Je v\u00e9rifie ma trousse et mon cartable tous les soirs, pour ne rien oublier et je demande \u00e0 mes parents de compl\u00e9ter ma trousse en cas de n\u00e9cessit\u00e9<\/strong>.<\/li>\n\n\n\n<li>A la maison, je fais correctement mon travail et j\u2019apprends mes le\u00e7ons.<\/li>\n\n\n\n<li>Je fais signer mon livret d\u2019\u00e9valuations, ma pochette et mes cahiers \u00e0 la date demand\u00e9e.<\/li>\n\n\n\n<li>Je recouvre mes livres de classe et les conserve en bon \u00e9tat&nbsp;: j\u2019en suis responsable.<\/li>\n\n\n\n<li>Je sais que\u00a0:\n<ol class=\"wp-block-list\">\n<li>Le chewing-gum est interdit \u00e0 l\u2019\u00e9cole,<\/li>\n\n\n\n<li>Je suis responsable de mes objets personnels<\/li>\n\n\n\n<li>Je n\u2019apporte aucun objet de valeur,<\/li>\n\n\n\n<li>Les \u00e9changes sont interdits.<\/li>\n<\/ol>\n<\/li>\n<\/ol>\n\n\n\n<ol class=\"wp-block-list\" type=\"1\" start=\"8\">\n<li>Je n\u2019apporte pas d\u2019argent de poche \u00e0 l\u2019\u00e9cole.<\/li>\n\n\n\n<li>Je viens \u00e0 l\u2019\u00e9cole avec une tenue correcte et adapt\u00e9e (pas de talons, ni de tongs, pas de tenue trop courte, de dos nu (pas de tee-shirt avec le nombril visible\u2026pas&nbsp;&nbsp;de maquillage).<\/li>\n\n\n\n<li>Pour jouer sur la cour de r\u00e9cr\u00e9ation, je peux uniquement apporter des petites billes,&nbsp;des cordes \u00e0&nbsp;sauter, des ballons en mousse et en plastique.<\/li>\n<\/ol>\n\n\n\n<ol class=\"wp-block-list\" type=\"1\" start=\"11\">\n<li>Les t\u00e9l\u00e9phones portables, lecteurs MP3, les jeux de cartes\u2026 sont interdits \u00e0 l\u2019\u00e9cole.<\/li>\n<\/ol>\n\n\n\n<p><\/p>\n\n\n\n<p class=\"has-vivid-green-cyan-color has-text-color\"><strong><u>A partir du moment o\u00f9 vous avez inscrit votre enfant \u00e0 l\u2019\u00e9cole, vous, parents, vous vous engagez \u00e0 respecter les r\u00e8gles de vie de l\u2019\u00e9cole, c&rsquo;est-\u00e0-dire&nbsp;:<\/u><\/strong><\/p>\n\n\n\n<p>\uf0c4&nbsp;<strong>Marquer les v\u00eatements<\/strong>&nbsp;des enfants, surtout en maternelle.<\/p>\n\n\n\n<p>\uf0c4&nbsp;Ne pas donner de biberons, de t\u00e9tines aux enfants de maternelles.<\/p>\n\n\n\n<p>\uf0c4&nbsp;Ne pas donner de jouets aux enfants de l\u2019\u00e9cole. Seuls les tout-petits sont autoris\u00e9s \u00e0 apporter le \u00ab&nbsp;doudou&nbsp;\u00bb toute l\u2019ann\u00e9e.<\/p>\n\n\n\n<p>\uf0c4&nbsp;Ne pas donner de go\u00fbter (sauf pour ceux qui restent \u00e0 la garderie du soir).<\/p>\n\n\n\n<p>\uf0c4&nbsp;<strong>Ne JAMAIS intervenir aupr\u00e8s des enfants dans l\u2019enceinte de l\u2019\u00e9tablissement<\/strong>. En cas de probl\u00e8me, en avertir l\u2019enseignante.<\/p>\n\n\n\n<p>\uf0c4&nbsp;&nbsp;<strong>D\u00e8s les sonneries de 8 h 30 et 13 h 25&nbsp;&nbsp;les<\/strong><strong><u>&nbsp;<\/u><\/strong><strong><u>parents doivent quitter l\u2019\u00e9tablissement&nbsp;: merci donc de ne pas rester dans les cours de r\u00e9cr\u00e9ation ou dans les classes&nbsp;! Merci \u00e9galement d\u2019\u00eatre \u00e0 l\u2019heure (l\u2019\u00e9cole \u00e9tant ouverte d\u00e8s 8 h 15 et 13 h 15).<\/u><\/strong><\/p>\n\n\n\n<p>\uf0c4&nbsp;L\u2019acc\u00e8s des locaux scolaires est interdit, sauf sur invitation. Il faut donc attendre les enfants sur la cour devant les classes.<\/p>\n\n\n\n<p>\uf0c4.&nbsp;Dans le cas o\u00f9 vous laissez des poussettes, des v\u00e9los\u2026 \u00e0 l\u2019\u00e9cole, celle-ci ne peut&nbsp;&nbsp;\u00eatre tenue responsable des disparitions, des d\u00e9gradations&nbsp;&nbsp;ou des vols.&nbsp;<\/p>\n\n\n\n<p>\uf0c4&nbsp;Ne pas donner de canettes de coca ou toute autre boisson gazeuse mais uniquement des petites bouteilles d\u2019eau&nbsp;(si le temps est vraiment tr\u00e8s chaud).<\/p>\n\n\n\n<p>\uf0c4&nbsp;Il est strictement interdit de reprendre son enfant sur la cour sans en avoir inform\u00e9 l\u2019enseignant.<\/p>\n\n\n\n<p>\uf0c4&nbsp;Afin d\u2019assurer au maximum la s\u00e9curit\u00e9 des enfants, nous vous demandons de&nbsp;<strong>ne pas&nbsp;vous garer en double file aux heures de sortie, ni sur les passages pi\u00e9tons,&nbsp;ni devant la grille de l\u2019\u00e9tablissement<\/strong>.<\/p>\n\n\n\n<p>\uf0c4&nbsp;Il est interdit de fumer dans l\u2019enceinte de l\u2019\u00e9tablissement, m\u00eame sur la cour.<\/p>\n\n\n\n<p>\uf0c4&nbsp;Les animaux ne sont pas admis dans l\u2019enceinte de l\u2019\u00e9cole. Les chiens, chats\u2026 doivent rester \u00e0 l\u2019ext\u00e9rieur de l\u2019\u00e9cole et ne pas g\u00eaner la sortie des \u00e9l\u00e8ves.<\/p>\n\n\n\n<p>\uf0c4&nbsp;Nul n\u2019est autoris\u00e9 \u00e0 introduire d\u2019objets dangereux \u00e0 l\u2019\u00e9cole.<\/p>\n\n\n\n<p>En inscrivant votre enfant \u00e0 l\u2019\u00e9cole , chaque enfant, chaque famille accepte implicitement ce r\u00e8glement. En cas de contestation, l\u2019\u00e9cole se r\u00e9serve le droit de revoir l\u2019inscription.<\/p>\n","protected":false},"excerpt":{"rendered":"<p>R\u00e8glement Int\u00e9rieur de l&rsquo;\u00e9cole pour chaque \u00e9l\u00e8ve A partir du moment o\u00f9 vous avez inscrit votre enfant \u00e0 l\u2019\u00e9cole, vous, parents, vous vous engagez \u00e0 respecter les r\u00e8gles de vie de l\u2019\u00e9cole, c&rsquo;est-\u00e0-dire&nbsp;: \uf0c4&nbsp;Marquer les v\u00eatements&nbsp;des enfants, surtout en maternelle. \uf0c4&nbsp;Ne pas donner de biberons, de t\u00e9tines aux enfants de maternelles. \uf0c4&nbsp;Ne pas donner de [&hellip;]<\/p>\n","protected":false},"author":1,"featured_media":0,"parent":0,"menu_order":0,"comment_status":"closed","ping_status":"closed","template":"pageVierge.php","meta":{"footnotes":""},"class_list":["post-271","page","type-page","status-publish","hentry"],"_links":{"self":[{"href":"http:\/\/saint-charles.net\/NSTC\/index.php?rest_route=\/wp\/v2\/pages\/271","targetHints":{"allow":["GET"]}}],"collection":[{"href":"http:\/\/saint-charles.net\/NSTC\/index.php?rest_route=\/wp\/v2\/pages"}],"about":[{"href":"http:\/\/saint-charles.net\/NSTC\/index.php?rest_route=\/wp\/v2\/types\/page"}],"author":[{"embeddable":true,"href":"http:\/\/saint-charles.net\/NSTC\/index.php?rest_route=\/wp\/v2\/users\/1"}],"replies":[{"embeddable":true,"href":"http:\/\/saint-charles.net\/NSTC\/index.php?rest_route=%2Fwp%2Fv2%2Fcomments&post=271"}],"version-history":[{"count":3,"href":"http:\/\/saint-charles.net\/NSTC\/index.php?rest_route=\/wp\/v2\/pages\/271\/revisions"}],"predecessor-version":[{"id":1390,"href":"http:\/\/saint-charles.net\/NSTC\/index.php?rest_route=\/wp\/v2\/pages\/271\/revisions\/1390"}],"wp:attachment":[{"href":"http:\/\/saint-charles.net\/NSTC\/index.php?rest_route=%2Fwp%2Fv2%2Fmedia&parent=271"}],"curies":[{"name":"wp","href":"https:\/\/api.w.org\/{rel}","templated":true}]}}