{"id":277,"date":"2020-12-08T13:16:16","date_gmt":"2020-12-08T12:16:16","guid":{"rendered":"http:\/\/www.letrognon.com\/college\/?page_id=277"},"modified":"2024-10-05T18:18:26","modified_gmt":"2024-10-05T16:18:26","slug":"lequipe-du-college","status":"publish","type":"page","link":"http:\/\/saint-charles.net\/NSTC\/?page_id=277","title":{"rendered":"L&rsquo;\u00e9quipe du coll\u00e8ge"},"content":{"rendered":"\n<h1 class=\"wp-block-heading\">L&rsquo;\u00e9quipe du coll\u00e8ge<\/h1>\n\n\n\n<h2 class=\"wp-block-heading\">Equipe OGEC<\/h2>\n\n\n\n<p class=\"has-medium-font-size\">Chef d&rsquo;\u00e9tablissement : M. ALBERIC<\/p>\n\n\n\n<p class=\"has-medium-font-size\">Assistante direction : Mme. BOMBE<\/p>\n\n\n\n<p class=\"has-medium-font-size\">Secr\u00e9taire Accueil et Vie scolaire : Mme. VINCENT<\/p>\n\n\n\n<p class=\"has-medium-font-size\">Coordinatrice P\u00e9dagogique : Mme. RYCKEWAERT<\/p>\n\n\n\n<p class=\"has-medium-font-size\">Responsable Vie scolaire &#8211; r\u00e9f\u00e9rent Cycle 4 : M. GODET<\/p>\n\n\n\n<p class=\"has-medium-font-size\">Assistante Education &#8211; r\u00e9f\u00e9rente Cycle 3 : Mme. GUERVILLE<\/p>\n\n\n\n<p class=\"has-medium-font-size\">Animatrice Pastorale : Mme GUERVILLE<\/p>\n\n\n\n<p class=\"has-medium-font-size\">Entretien technique : M. LAMOTTE<\/p>\n\n\n\n<div style=\"height:100px\" aria-hidden=\"true\" class=\"wp-block-spacer\"><\/div>\n\n\n\n<h2 class=\"wp-block-heading\">\u00c9quipe enseignante<\/h2>\n\n\n\n<figure class=\"wp-block-table is-style-stripes\"><table><tbody><tr><td>\u00c9ducation Musicale<\/td><td>Mme. BRUNEL<\/td><\/tr><tr><td>Arts Plastiques<\/td><td>Mme. DUBOIS<\/td><\/tr><tr><td>E.P.S.<\/td><td>M. LECOMTE<br>Mme. BERNARD<br>M. PALMIERI<\/td><\/tr><tr><td>Sciences Physiques<\/td><td>Mme. GANTIEZ<\/td><\/tr><tr><td>S.V.T.<\/td><td>Mme. BRIEMANT<\/td><\/tr><tr><td>Technologie<\/td><td>M. BOCQUET<\/td><\/tr><tr><td>L.V. Anglais<\/td><td>Mme. ANSEL<br>Mme. DEMANNE<br>M. MARCHANT<\/td><\/tr><tr><td>L.V. Espagnol<\/td><td>Mme. LAFITTE<br>Mme. LECERF<\/td><\/tr><tr><td>Coordonnateur ULIS<\/td><td>M. GROSSET<\/td><\/tr><tr><td>Fran\u00e7ais \/ Latin<\/td><td>M. DELOS<br>Mme. LELEU<br>M. LEMOINE<br>Mme. GOHIER<\/td><\/tr><tr><td>Professeure Documentaliste<\/td><td>Mme. BREUX<\/td><\/tr><tr><td>Histoire G\u00e9ographie EMC<\/td><td>Mme. RYCKEWAERT<br>Mme. CHERDEL<\/td><\/tr><tr><td>Math\u00e9matiques<\/td><td>M. BOIDIN<br>M. BENKHADRA<br>M. NUYTTENS<\/td><\/tr><\/tbody><\/table><\/figure>\n","protected":false},"excerpt":{"rendered":"<p>L&rsquo;\u00e9quipe du coll\u00e8ge Equipe OGEC Chef d&rsquo;\u00e9tablissement : M. ALBERIC Assistante direction : Mme. BOMBE Secr\u00e9taire Accueil et Vie scolaire : Mme. VINCENT Coordinatrice P\u00e9dagogique : Mme. RYCKEWAERT Responsable Vie scolaire &#8211; r\u00e9f\u00e9rent Cycle 4 : M. GODET Assistante Education &#8211; r\u00e9f\u00e9rente Cycle 3 : Mme. GUERVILLE Animatrice Pastorale : Mme GUERVILLE Entretien technique : [&hellip;]<\/p>\n","protected":false},"author":1,"featured_media":0,"parent":0,"menu_order":0,"comment_status":"closed","ping_status":"closed","template":"pageVierge.php","meta":{"footnotes":""},"class_list":["post-277","page","type-page","status-publish","hentry"],"_links":{"self":[{"href":"http:\/\/saint-charles.net\/NSTC\/index.php?rest_route=\/wp\/v2\/pages\/277","targetHints":{"allow":["GET"]}}],"collection":[{"href":"http:\/\/saint-charles.net\/NSTC\/index.php?rest_route=\/wp\/v2\/pages"}],"about":[{"href":"http:\/\/saint-charles.net\/NSTC\/index.php?rest_route=\/wp\/v2\/types\/page"}],"author":[{"embeddable":true,"href":"http:\/\/saint-charles.net\/NSTC\/index.php?rest_route=\/wp\/v2\/users\/1"}],"replies":[{"embeddable":true,"href":"http:\/\/saint-charles.net\/NSTC\/index.php?rest_route=%2Fwp%2Fv2%2Fcomments&post=277"}],"version-history":[{"count":18,"href":"http:\/\/saint-charles.net\/NSTC\/index.php?rest_route=\/wp\/v2\/pages\/277\/revisions"}],"predecessor-version":[{"id":2241,"href":"http:\/\/saint-charles.net\/NSTC\/index.php?rest_route=\/wp\/v2\/pages\/277\/revisions\/2241"}],"wp:attachment":[{"href":"http:\/\/saint-charles.net\/NSTC\/index.php?rest_route=%2Fwp%2Fv2%2Fmedia&parent=277"}],"curies":[{"name":"wp","href":"https:\/\/api.w.org\/{rel}","templated":true}]}}