{"id":279,"date":"2020-12-08T13:16:30","date_gmt":"2020-12-08T12:16:30","guid":{"rendered":"http:\/\/www.letrognon.com\/college\/?page_id=279"},"modified":"2022-11-06T19:08:49","modified_gmt":"2022-11-06T18:08:49","slug":"horaires-du-college","status":"publish","type":"page","link":"http:\/\/saint-charles.net\/NSTC\/?page_id=279","title":{"rendered":"Horaires du coll\u00e8ge"},"content":{"rendered":"\n<h1 class=\"wp-block-heading\">HORAIRES DU COLL\u00c8GE<\/h1>\n\n\n\n<div class=\"wp-block-columns is-layout-flex wp-container-core-columns-is-layout-9d6595d7 wp-block-columns-is-layout-flex\">\n<div class=\"wp-block-column is-layout-flow wp-block-column-is-layout-flow\">\n<p><strong>MATIN<\/strong><\/p>\n\n\n\n<ul class=\"wp-block-list\">\n<li>7H55 \u2013 8H50<\/li>\n\n\n\n<li>8H55 \u2013 9H50<\/li>\n\n\n\n<li>Pause m\u00e9ridienne<\/li>\n\n\n\n<li>10H10 \u2013 11H05<\/li>\n\n\n\n<li>11H10 \u2013 12H05<\/li>\n<\/ul>\n<\/div>\n\n\n\n<div class=\"wp-block-column is-layout-flow wp-block-column-is-layout-flow\">\n<p><strong>APRES MIDI<\/strong><\/p>\n\n\n\n<ul class=\"wp-block-list\">\n<li>13H30 \u2013 14H25<\/li>\n\n\n\n<li>14H30 \u2013 15H25<\/li>\n\n\n\n<li>Pause m\u00e9ridienne<\/li>\n\n\n\n<li>15H45 \u2013 16H40<\/li>\n<\/ul>\n<\/div>\n<\/div>\n\n\n\n<p>Le coll\u00e8ge ouvre ses grilles \u00e0 partir de 7h30 le matin et 13h15 l&rsquo;apr\u00e8s-midi.<\/p>\n\n\n\n<p>Le coll\u00e8ge propose une Etude du soir jusque 17h30.<\/p>\n","protected":false},"excerpt":{"rendered":"<p>HORAIRES DU COLL\u00c8GE MATIN APRES MIDI Le coll\u00e8ge ouvre ses grilles \u00e0 partir de 7h30 le matin et 13h15 l&rsquo;apr\u00e8s-midi. Le coll\u00e8ge propose une Etude du soir jusque 17h30.<\/p>\n","protected":false},"author":1,"featured_media":0,"parent":0,"menu_order":0,"comment_status":"closed","ping_status":"closed","template":"pageVierge.php","meta":{"footnotes":""},"class_list":["post-279","page","type-page","status-publish","hentry"],"_links":{"self":[{"href":"http:\/\/saint-charles.net\/NSTC\/index.php?rest_route=\/wp\/v2\/pages\/279","targetHints":{"allow":["GET"]}}],"collection":[{"href":"http:\/\/saint-charles.net\/NSTC\/index.php?rest_route=\/wp\/v2\/pages"}],"about":[{"href":"http:\/\/saint-charles.net\/NSTC\/index.php?rest_route=\/wp\/v2\/types\/page"}],"author":[{"embeddable":true,"href":"http:\/\/saint-charles.net\/NSTC\/index.php?rest_route=\/wp\/v2\/users\/1"}],"replies":[{"embeddable":true,"href":"http:\/\/saint-charles.net\/NSTC\/index.php?rest_route=%2Fwp%2Fv2%2Fcomments&post=279"}],"version-history":[{"count":4,"href":"http:\/\/saint-charles.net\/NSTC\/index.php?rest_route=\/wp\/v2\/pages\/279\/revisions"}],"predecessor-version":[{"id":1392,"href":"http:\/\/saint-charles.net\/NSTC\/index.php?rest_route=\/wp\/v2\/pages\/279\/revisions\/1392"}],"wp:attachment":[{"href":"http:\/\/saint-charles.net\/NSTC\/index.php?rest_route=%2Fwp%2Fv2%2Fmedia&parent=279"}],"curies":[{"name":"wp","href":"https:\/\/api.w.org\/{rel}","templated":true}]}}