{"id":313,"date":"2020-12-08T13:35:56","date_gmt":"2020-12-08T12:35:56","guid":{"rendered":"http:\/\/www.letrognon.com\/college\/?page_id=313"},"modified":"2022-11-06T19:17:32","modified_gmt":"2022-11-06T18:17:32","slug":"bourses-et-aides-a-la-scolarite","status":"publish","type":"page","link":"http:\/\/saint-charles.net\/NSTC\/?page_id=313","title":{"rendered":"Bourses et aides \u00e0 la scolarit\u00e9"},"content":{"rendered":"\n<h2 class=\"has-pale-cyan-blue-color has-text-color wp-block-heading\"><div class='postItBleu  animated tada delay1 duration1 eds-on-scroll '> <strong><strong>DEMANDE DE BOURSE DE COLL\u00c8GE<\/strong><\/strong> <\/div> <\/h2>\n\n\n\n<div style=\"height:100px\" aria-hidden=\"true\" class=\"wp-block-spacer\"><\/div>\n\n\n\n<p>La demande de bourse sera formul\u00e9e \u00e0 l\u2019aide d\u2019un <strong><a rel=\"noreferrer noopener\" href=\"https:\/\/www.formulaires.service-public.fr\/gf\/cerfa_12539.do\" target=\"_blank\">formulaire<\/a>.<\/strong> Ce formulaire comporte deux pages : &nbsp; <\/p>\n\n\n\n<ul class=\"wp-block-list\">\n<li>une page correspondant \u00e0 la demande de bourse proprement dite&nbsp;: renseignements concernant l&rsquo;\u00e9l\u00e8ve et le demandeur de la bourse&nbsp;;<\/li>\n<\/ul>\n\n\n\n<ul class=\"wp-block-list\">\n<li>une page correspondant \u00e0 la demande de procuration (si votre \nenfant est scolaris\u00e9 dans un \u00e9tablissement priv\u00e9 et uniquement dans ce \ncas) que vous pouvez donner au chef de l&rsquo;\u00e9tablissement o\u00f9 votre enfant \nest scolaris\u00e9 pour l&rsquo;autoriser \u00e0 percevoir, en votre nom, le montant de \nla bourse.&nbsp; &nbsp;<\/li>\n<\/ul>\n\n\n<div class=\"wp-block-image\">\n<figure class=\"aligncenter size-large is-resized\"><a href=\"https:\/\/www.education.gouv.fr\/les-aides-financieres-au-college-4970#Le_simulateur_de_bourse_de_college\"><img loading=\"lazy\" decoding=\"async\" src=\"http:\/\/saint-charles.net\/NSTC\/wp-content\/uploads\/2021\/04\/calculator-1024x188.png\" alt=\"\" class=\"wp-image-651\" width=\"323\" height=\"59\" srcset=\"http:\/\/saint-charles.net\/NSTC\/wp-content\/uploads\/2021\/04\/calculator-1024x188.png 1024w, http:\/\/saint-charles.net\/NSTC\/wp-content\/uploads\/2021\/04\/calculator-300x55.png 300w, http:\/\/saint-charles.net\/NSTC\/wp-content\/uploads\/2021\/04\/calculator-768x141.png 768w, http:\/\/saint-charles.net\/NSTC\/wp-content\/uploads\/2021\/04\/calculator-1536x282.png 1536w, http:\/\/saint-charles.net\/NSTC\/wp-content\/uploads\/2021\/04\/calculator-2048x376.png 2048w\" sizes=\"auto, (max-width: 323px) 100vw, 323px\" \/><\/a><\/figure>\n<\/div>\n\n\n<p><\/p>\n\n\n\n<p><strong>AIDE A L&rsquo;ACCES A LA DEMI-PENSION<\/strong><\/p>\n\n\n\n<p><br>DISPOSITIONS APPLICABLES POUR L\u2019ANNEE 2022\/2023<br><br>Le dispositif d\u2019aide \u00e0 la demi-pension concerne les coll\u00e9giens domicili\u00e9s dans le d\u00e9partement du Nord.<br>Prise en compte des ressources pour l\u2019attribution des aides d\u00e9partementales<br>Les dispositions \u00e0 retenir concernant la prise en compte des ressources sont celles appliqu\u00e9es pour l\u2019attribution de la bourse du coll\u00e8ge, en vertu des circulaires minist\u00e9rielles de l\u2019Education Nationale, soit :<br>\u2013 Les revenus \u00e0 prendre en compte au titre de l\u2019ann\u00e9e scolaire 2022\/2023 sont ceux figurant sur l\u2019avis d\u2019imposition 2021 sur les revenus 2020, ligne \u00ab revenu fiscal de r\u00e9f\u00e9rence \u00bb<\/p>\n\n\n\n<figure class=\"wp-block-image\"><img decoding=\"async\" src=\"http:\/\/saint-charles.net\/wp-content\/uploads\/2020\/06\/aide-demi-pension.png\" alt=\"\" class=\"wp-image-469\"\/><\/figure>\n","protected":false},"excerpt":{"rendered":"<p>DEMANDE DE BOURSE DE COLL\u00c8GE La demande de bourse sera formul\u00e9e \u00e0 l\u2019aide d\u2019un formulaire. Ce formulaire comporte deux pages : &nbsp; AIDE A L&rsquo;ACCES A LA DEMI-PENSION DISPOSITIONS APPLICABLES POUR L\u2019ANNEE 2022\/2023 Le dispositif d\u2019aide \u00e0 la demi-pension concerne les coll\u00e9giens domicili\u00e9s dans le d\u00e9partement du Nord.Prise en compte des ressources pour l\u2019attribution des [&hellip;]<\/p>\n","protected":false},"author":1,"featured_media":0,"parent":0,"menu_order":0,"comment_status":"closed","ping_status":"closed","template":"pageVierge.php","meta":{"footnotes":""},"class_list":["post-313","page","type-page","status-publish","hentry"],"_links":{"self":[{"href":"http:\/\/saint-charles.net\/NSTC\/index.php?rest_route=\/wp\/v2\/pages\/313","targetHints":{"allow":["GET"]}}],"collection":[{"href":"http:\/\/saint-charles.net\/NSTC\/index.php?rest_route=\/wp\/v2\/pages"}],"about":[{"href":"http:\/\/saint-charles.net\/NSTC\/index.php?rest_route=\/wp\/v2\/types\/page"}],"author":[{"embeddable":true,"href":"http:\/\/saint-charles.net\/NSTC\/index.php?rest_route=\/wp\/v2\/users\/1"}],"replies":[{"embeddable":true,"href":"http:\/\/saint-charles.net\/NSTC\/index.php?rest_route=%2Fwp%2Fv2%2Fcomments&post=313"}],"version-history":[{"count":9,"href":"http:\/\/saint-charles.net\/NSTC\/index.php?rest_route=\/wp\/v2\/pages\/313\/revisions"}],"predecessor-version":[{"id":1403,"href":"http:\/\/saint-charles.net\/NSTC\/index.php?rest_route=\/wp\/v2\/pages\/313\/revisions\/1403"}],"wp:attachment":[{"href":"http:\/\/saint-charles.net\/NSTC\/index.php?rest_route=%2Fwp%2Fv2%2Fmedia&parent=313"}],"curies":[{"name":"wp","href":"https:\/\/api.w.org\/{rel}","templated":true}]}}