{"id":323,"date":"2020-12-08T13:37:08","date_gmt":"2020-12-08T12:37:08","guid":{"rendered":"http:\/\/www.letrognon.com\/college\/?page_id=323"},"modified":"2024-10-05T18:32:28","modified_gmt":"2024-10-05T16:32:28","slug":"presentation","status":"publish","type":"page","link":"http:\/\/saint-charles.net\/NSTC\/?page_id=323","title":{"rendered":"Pr\u00e9sentation"},"content":{"rendered":"\n<h1 class=\"wp-block-heading\">APEL<\/h1>\n\n\n\n<div class=\"wp-block-columns is-layout-flex wp-container-core-columns-is-layout-9d6595d7 wp-block-columns-is-layout-flex\">\n<div class=\"wp-block-column is-layout-flow wp-block-column-is-layout-flow\">\n<p><strong>L\u2019APEL en quelques mots\u2026<\/strong><\/p>\n\n\n\n<p>L\u2019Association des Parents d\u2019\u00e9l\u00e8ves de l\u2019Enseignement Libre est un r\u00e9seau d\u2019associations reconnu dans les statuts de l\u2019enseignement catholique.&nbsp;<\/p>\n\n\n\n<p>Chaque ann\u00e9e, ses b\u00e9n\u00e9voles collaborent activement aux projets \u00e9ducatifs de l\u2019\u00e9tablissement.<\/p>\n\n\n\n<p>A tout moment, votre participation est la bienvenue.<\/p>\n\n\n\n<p>L\u2019APEL agit et s\u2019implique dans la vie des \u00e9tablissements scolaires, assure la repr\u00e9sentation des parents d\u2019\u00e9l\u00e8ves au sein de l\u2019\u00e9tablissement comme aupr\u00e8s des responsables de l\u2019institution scolaire et des pouvoirs publics.<\/p>\n\n\n\n<p>L\u2019APEL accompagne \u00e9galement les parents dans leur t\u00e2che \u00e9ducative \u00e0 travers diff\u00e9rents services qu\u2019elle offre.&nbsp;<\/p>\n\n\n\n<p>Pour plus de renseignements, vous pouvez votre connecter sur leur site&nbsp;: <a href=\"https:\/\/www.apel.fr\" target=\"_blank\" rel=\"noreferrer noopener\">https:\/\/www.apel.fr<\/a><\/p>\n<\/div>\n\n\n\n<div class=\"wp-block-column is-layout-flow wp-block-column-is-layout-flow\">\n<p><strong>Le Bureau de l\u2019APEL de l\u2019ensemble<\/strong> <strong>Ste Famille-St Charles<\/strong> <\/p>\n\n\n\n<p><em>Pr\u00e9sident<\/em>e.  Marjorie DUPREZ<\/p>\n\n\n\n<p><em>Vice-Pr\u00e9sidente.<\/em>  Elodie WOLLBORTH\u00a0<\/p>\n\n\n\n<p><em>Secr\u00e9taire<\/em> <\/p>\n\n\n\n<p><em>Tr\u00e9sorier<\/em> <\/p>\n\n\n\n<p><em>Tr\u00e9sori\u00e8re Adjointe.<\/em>  Rudy HELIN<\/p>\n<\/div>\n<\/div>\n\n\n\n<p><strong>\u00catre au c\u0153ur de l\u2019\u00e9tablissement pour\u2026&nbsp;<\/strong><\/p>\n\n\n\n<ul class=\"wp-block-list\">\n<li>Porter la parole de tous les parents de l\u2019ensemble scolaire. Une seule voix pour \u00eatre plus forts ensemble.<\/li>\n\n\n\n<li>Participer aux conseils de classes et diff\u00e9rentes instances du coll\u00e8ge.<\/li>\n\n\n\n<li>Apporter une participation financi\u00e8re aux diff\u00e9rentes sorties et voyages (classe de neige, voyage en Espagne\u2026).<\/li>\n\n\n\n<li>Participer au financement du mat\u00e9riel p\u00e9dagogique.<\/li>\n\n\n\n<li>Organiser des actions aux moments forts de l\u2019ann\u00e9e (No\u00ebl, Loto, f\u00eates des m\u00e8res, f\u00eates des p\u00e8res\u2026).<\/li>\n\n\n\n<li>Participer \u00e0 la remise du Dipl\u00f4me Nationale du Brevet aux anciens \u00e9l\u00e8ves de 3<sup>\u00e8me<\/sup>.<\/li>\n<\/ul>\n\n\n\n<p>C\u2019est gr\u00e2ce aux parents b\u00e9n\u00e9voles que l\u2019APEL existe.<\/p>\n\n\n\n<p>Les enfants ont besoin de vous, de vos id\u00e9es et de votre temps. Aidez nous \u00e0 faire vivre notre association.<\/p>\n","protected":false},"excerpt":{"rendered":"<p>APEL L\u2019APEL en quelques mots\u2026 L\u2019Association des Parents d\u2019\u00e9l\u00e8ves de l\u2019Enseignement Libre est un r\u00e9seau d\u2019associations reconnu dans les statuts de l\u2019enseignement catholique.&nbsp; Chaque ann\u00e9e, ses b\u00e9n\u00e9voles collaborent activement aux projets \u00e9ducatifs de l\u2019\u00e9tablissement. A tout moment, votre participation est la bienvenue. L\u2019APEL agit et s\u2019implique dans la vie des \u00e9tablissements scolaires, assure la repr\u00e9sentation [&hellip;]<\/p>\n","protected":false},"author":1,"featured_media":0,"parent":0,"menu_order":0,"comment_status":"closed","ping_status":"closed","template":"pageVierge.php","meta":{"footnotes":""},"class_list":["post-323","page","type-page","status-publish","hentry"],"_links":{"self":[{"href":"http:\/\/saint-charles.net\/NSTC\/index.php?rest_route=\/wp\/v2\/pages\/323","targetHints":{"allow":["GET"]}}],"collection":[{"href":"http:\/\/saint-charles.net\/NSTC\/index.php?rest_route=\/wp\/v2\/pages"}],"about":[{"href":"http:\/\/saint-charles.net\/NSTC\/index.php?rest_route=\/wp\/v2\/types\/page"}],"author":[{"embeddable":true,"href":"http:\/\/saint-charles.net\/NSTC\/index.php?rest_route=\/wp\/v2\/users\/1"}],"replies":[{"embeddable":true,"href":"http:\/\/saint-charles.net\/NSTC\/index.php?rest_route=%2Fwp%2Fv2%2Fcomments&post=323"}],"version-history":[{"count":7,"href":"http:\/\/saint-charles.net\/NSTC\/index.php?rest_route=\/wp\/v2\/pages\/323\/revisions"}],"predecessor-version":[{"id":2255,"href":"http:\/\/saint-charles.net\/NSTC\/index.php?rest_route=\/wp\/v2\/pages\/323\/revisions\/2255"}],"wp:attachment":[{"href":"http:\/\/saint-charles.net\/NSTC\/index.php?rest_route=%2Fwp%2Fv2%2Fmedia&parent=323"}],"curies":[{"name":"wp","href":"https:\/\/api.w.org\/{rel}","templated":true}]}}