{"id":344,"date":"2021-01-30T11:05:24","date_gmt":"2021-01-30T10:05:24","guid":{"rendered":"http:\/\/www.letrognon.com\/college\/?page_id=344"},"modified":"2022-10-25T15:55:32","modified_gmt":"2022-10-25T13:55:32","slug":"contact-etablissement","status":"publish","type":"page","link":"http:\/\/saint-charles.net\/NSTC\/?page_id=344","title":{"rendered":"CONTACT ETABLISSEMENT"},"content":{"rendered":"\n<div class=\"wp-block-columns is-layout-flex wp-container-core-columns-is-layout-9d6595d7 wp-block-columns-is-layout-flex\">\n<div class=\"wp-block-column is-layout-flow wp-block-column-is-layout-flow\">\n<h2 class=\"has-text-align-center wp-block-heading\">\u00c9cole Sainte Famille<\/h2>\n\n\n\n<p class=\"has-text-align-center\">22 rue Kennedy, 1 rue de l&rsquo;Abb\u00e9 Doudermy, <\/p>\n\n\n\n<p class=\"has-text-align-center\">59280 Armenti\u00e8res<\/p>\n\n\n\n<p class=\"has-text-align-center\">T\u00e9l :&nbsp;<a href=\"https:\/\/www.google.com\/search?client=safari&amp;rls=en&amp;sxsrf=ALeKk03Zn_Fz7XJswRk_JNrEqdjn93cuNA%3A1612003962583&amp;ei=ejoVYPaCI5ObjLsP6pe18Ag&amp;q=ecole+sainte+famille+armenti%C3%A8re&amp;oq=ecole+sainte+famille+armenti%C3%A8re&amp;gs_lcp=CgZwc3ktYWIQAzIICAAQxwEQrwEyBggAEBYQHjoECAAQRzoKCAAQxwEQrwEQQzoCCABQshFYtiRg8yVoAHACeACAAZIBiAHaCJIBAzguM5gBAKABAaoBB2d3cy13aXrIAQjAAQE&amp;sclient=psy-ab&amp;ved=0ahUKEwj2p8PcvsPuAhWTDWMBHepLDY4Q4dUDCAw&amp;uact=5#\">03 20 77 10 69<\/a><\/p>\n\n\n<div class=\"wp-block-image\">\n<figure class=\"aligncenter size-large\"><a href=\"http:\/\/saint-charles.net\/NSTC\/?page_id=342\"><img loading=\"lazy\" decoding=\"async\" width=\"200\" height=\"200\" src=\"http:\/\/saint-charles.net\/NSTC\/wp-content\/uploads\/2021\/01\/emailClic.png\" alt=\"\" class=\"wp-image-348\" srcset=\"http:\/\/saint-charles.net\/NSTC\/wp-content\/uploads\/2021\/01\/emailClic.png 200w, http:\/\/saint-charles.net\/NSTC\/wp-content\/uploads\/2021\/01\/emailClic-150x150.png 150w\" sizes=\"auto, (max-width: 200px) 100vw, 200px\" \/><\/a><\/figure>\n<\/div><\/div>\n\n\n\n<div class=\"wp-block-column is-layout-flow wp-block-column-is-layout-flow\">\n<h2 class=\"has-text-align-center wp-block-heading\">Coll\u00e8ge Saint Charles<\/h2>\n\n\n\n<p class=\"has-text-align-center\">31 rue Deceuninck,&nbsp;<\/p>\n\n\n\n<p class=\"has-text-align-center\">59280 Armenti\u00e8res<\/p>\n\n\n\n<p class=\"has-text-align-center\">T\u00e9l :\u00a0<a href=\"https:\/\/www.google.com\/search?client=safari&amp;rls=en&amp;q=armenti%C3%A8re+%C3%A9cole+sainte+famille&amp;ie=UTF-8&amp;oe=UTF-8#\">03 20 77 39 38<\/a><\/p>\n\n\n<div class=\"wp-block-image\">\n<figure class=\"aligncenter size-large\"><a href=\"http:\/\/saint-charles.net\/NSTC\/?page_id=182\"><img loading=\"lazy\" decoding=\"async\" width=\"200\" height=\"200\" src=\"http:\/\/saint-charles.net\/NSTC\/wp-content\/uploads\/2021\/01\/emailClic.png\" alt=\"\" class=\"wp-image-348\" srcset=\"http:\/\/saint-charles.net\/NSTC\/wp-content\/uploads\/2021\/01\/emailClic.png 200w, http:\/\/saint-charles.net\/NSTC\/wp-content\/uploads\/2021\/01\/emailClic-150x150.png 150w\" sizes=\"auto, (max-width: 200px) 100vw, 200px\" \/><\/a><\/figure>\n<\/div><\/div>\n<\/div>\n\n\n\n<hr class=\"wp-block-separator has-css-opacity\"\/>\n\n\n","protected":false},"excerpt":{"rendered":"<p>\u00c9cole Sainte Famille 22 rue Kennedy, 1 rue de l&rsquo;Abb\u00e9 Doudermy, 59280 Armenti\u00e8res T\u00e9l :&nbsp;03 20 77 10 69 Coll\u00e8ge Saint Charles 31 rue Deceuninck,&nbsp; 59280 Armenti\u00e8res T\u00e9l :\u00a003 20 77 39 38<\/p>\n","protected":false},"author":1,"featured_media":0,"parent":0,"menu_order":0,"comment_status":"closed","ping_status":"closed","template":"pageContact.php","meta":{"footnotes":""},"class_list":["post-344","page","type-page","status-publish","hentry"],"_links":{"self":[{"href":"http:\/\/saint-charles.net\/NSTC\/index.php?rest_route=\/wp\/v2\/pages\/344","targetHints":{"allow":["GET"]}}],"collection":[{"href":"http:\/\/saint-charles.net\/NSTC\/index.php?rest_route=\/wp\/v2\/pages"}],"about":[{"href":"http:\/\/saint-charles.net\/NSTC\/index.php?rest_route=\/wp\/v2\/types\/page"}],"author":[{"embeddable":true,"href":"http:\/\/saint-charles.net\/NSTC\/index.php?rest_route=\/wp\/v2\/users\/1"}],"replies":[{"embeddable":true,"href":"http:\/\/saint-charles.net\/NSTC\/index.php?rest_route=%2Fwp%2Fv2%2Fcomments&post=344"}],"version-history":[{"count":11,"href":"http:\/\/saint-charles.net\/NSTC\/index.php?rest_route=\/wp\/v2\/pages\/344\/revisions"}],"predecessor-version":[{"id":1244,"href":"http:\/\/saint-charles.net\/NSTC\/index.php?rest_route=\/wp\/v2\/pages\/344\/revisions\/1244"}],"wp:attachment":[{"href":"http:\/\/saint-charles.net\/NSTC\/index.php?rest_route=%2Fwp%2Fv2%2Fmedia&parent=344"}],"curies":[{"name":"wp","href":"https:\/\/api.w.org\/{rel}","templated":true}]}}