{"id":423,"date":"2020-04-13T19:35:52","date_gmt":"2020-04-13T17:35:52","guid":{"rendered":"http:\/\/www.letrognon.com\/college\/?page_id=2"},"modified":"2025-03-06T15:49:07","modified_gmt":"2025-03-06T14:49:07","slug":"page-d-exemple-2","status":"publish","type":"page","link":"http:\/\/saint-charles.net\/NSTC\/","title":{"rendered":"Accueil Principal ETABLISSEMENT(Evitez de changer ce titre)"},"content":{"rendered":"\n<div class='postItVert animated tada delay1 duration1 eds-on-scroll'>\n\n\n\n<p><strong>RENDEZ VOUS D\u2019INSCRIPTION 2025\/2026<\/strong><\/p>\n\n\n\n<\/div> \n\n\n\n<div class=\"wp-block-columns is-layout-flex wp-container-core-columns-is-layout-9d6595d7 wp-block-columns-is-layout-flex\">\n<div class=\"wp-block-column is-layout-flow wp-block-column-is-layout-flow\">\n<p>Les inscriptions pour la rentr\u00e9e 2025\/2026 restent possibles.<br>Merci de suivre le lien de pr\u00e9-inscription ci-dessous, une fois le formulaire rempli nous vous contacterons par t\u00e9l\u00e9phone pour convenir d\u2019un RDV.<\/p>\n<\/div>\n\n\n\n<div class=\"wp-block-column is-layout-flow wp-block-column-is-layout-flow\">\n<p>POUR TOUTES QUESTIONS :<\/p>\n\n\n\n<p>T\u00e9l : 03 20 77 39 38<\/p>\n\n\n\n<p>M\u00e9l :<a href=\"mailto:secretariatdircollege@saint-charles.net\"> secretariatdircollege@saint-charles.net<\/a><\/p>\n<\/div>\n<\/div>\n\n\n<div class=\"wp-block-image animated pulse duration1 infinite\">\n<figure class=\"aligncenter size-large is-resized\"><a href=\"https:\/\/preinscriptions.ecoledirecte.com\/?RNE=0592926K&amp;ETAB=12-CSCH\"><img loading=\"lazy\" decoding=\"async\" width=\"768\" height=\"384\" src=\"http:\/\/saint-charles.net\/NSTC\/wp-content\/uploads\/2021\/04\/PreInscrip-768x384-1.png\" alt=\"\" class=\"wp-image-684\" style=\"width:384px;height:192px\" srcset=\"http:\/\/saint-charles.net\/NSTC\/wp-content\/uploads\/2021\/04\/PreInscrip-768x384-1.png 768w, http:\/\/saint-charles.net\/NSTC\/wp-content\/uploads\/2021\/04\/PreInscrip-768x384-1-300x150.png 300w\" sizes=\"auto, (max-width: 768px) 100vw, 768px\" \/><\/a><\/figure>\n<\/div>\n\n\n<p class=\"tracking-in-contract\"><\/p>\n","protected":false},"excerpt":{"rendered":"<p>RENDEZ VOUS D\u2019INSCRIPTION 2025\/2026 Les inscriptions pour la rentr\u00e9e 2025\/2026 restent possibles.Merci de suivre le lien de pr\u00e9-inscription ci-dessous, une fois le formulaire rempli nous vous contacterons par t\u00e9l\u00e9phone pour convenir d\u2019un RDV. POUR TOUTES QUESTIONS : T\u00e9l : 03 20 77 39 38 M\u00e9l : secretariatdircollege@saint-charles.net<\/p>\n","protected":false},"author":1,"featured_media":0,"parent":0,"menu_order":0,"comment_status":"closed","ping_status":"open","template":"left-sidebar.php","meta":{"footnotes":""},"class_list":["post-423","page","type-page","status-publish","hentry"],"_links":{"self":[{"href":"http:\/\/saint-charles.net\/NSTC\/index.php?rest_route=\/wp\/v2\/pages\/423","targetHints":{"allow":["GET"]}}],"collection":[{"href":"http:\/\/saint-charles.net\/NSTC\/index.php?rest_route=\/wp\/v2\/pages"}],"about":[{"href":"http:\/\/saint-charles.net\/NSTC\/index.php?rest_route=\/wp\/v2\/types\/page"}],"author":[{"embeddable":true,"href":"http:\/\/saint-charles.net\/NSTC\/index.php?rest_route=\/wp\/v2\/users\/1"}],"replies":[{"embeddable":true,"href":"http:\/\/saint-charles.net\/NSTC\/index.php?rest_route=%2Fwp%2Fv2%2Fcomments&post=423"}],"version-history":[{"count":27,"href":"http:\/\/saint-charles.net\/NSTC\/index.php?rest_route=\/wp\/v2\/pages\/423\/revisions"}],"predecessor-version":[{"id":2523,"href":"http:\/\/saint-charles.net\/NSTC\/index.php?rest_route=\/wp\/v2\/pages\/423\/revisions\/2523"}],"wp:attachment":[{"href":"http:\/\/saint-charles.net\/NSTC\/index.php?rest_route=%2Fwp%2Fv2%2Fmedia&parent=423"}],"curies":[{"name":"wp","href":"https:\/\/api.w.org\/{rel}","templated":true}]}}