{"id":597,"date":"2021-04-06T19:27:10","date_gmt":"2021-04-06T17:27:10","guid":{"rendered":"http:\/\/saint-charles.net\/NSTC\/?page_id=597"},"modified":"2024-10-10T10:23:34","modified_gmt":"2024-10-10T08:23:34","slug":"les-ateliers","status":"publish","type":"page","link":"http:\/\/saint-charles.net\/NSTC\/?page_id=597","title":{"rendered":"Les ateliers"},"content":{"rendered":"\n<h1 class=\"wp-block-heading\">les ateliers<\/h1>\n\n\n\n<p>Ils ont lieu dans la semaine ou sur la pause m\u00e9ridienne du midi :<\/p>\n\n\n\n<p>Atelier INFORMATIQUE<\/p>\n\n\n\n<p>Club LEGO<\/p>\n\n\n\n<p>Club ECHEC<\/p>\n\n\n\n<p>Origammi<\/p>\n\n\n\n<p>Activit\u00e9s cr\u00e9atives<\/p>\n\n\n\n<p>Atelier THEATRE<\/p>\n\n\n\n<p>Club LECTURE \/ MANGA<\/p>\n\n\n\n<p>Ateliers SPORTIFS : tous les midis et le mercredi apr\u00e8s-midi<\/p>\n\n\n\n<p>ADOZEN : atelier de sophrologie<\/p>\n\n\n\n<div style=\"height:100px\" aria-hidden=\"true\" class=\"wp-block-spacer\"><\/div>\n\n\n\n<figure class=\"wp-block-gallery has-nested-images columns-default is-cropped wp-block-gallery-1 is-layout-flex wp-block-gallery-is-layout-flex\">\n<figure class=\"wp-block-image size-large\"><img loading=\"lazy\" decoding=\"async\" width=\"1024\" height=\"768\" data-id=\"2009\" src=\"http:\/\/saint-charles.net\/NSTC\/wp-content\/uploads\/2023\/09\/379998635_816986333763425_6182402014787429751_n-1-1024x768.jpg\" alt=\"\" class=\"wp-image-2009\" style=\"aspect-ratio:4\/3;object-fit:contain\" srcset=\"http:\/\/saint-charles.net\/NSTC\/wp-content\/uploads\/2023\/09\/379998635_816986333763425_6182402014787429751_n-1-1024x768.jpg 1024w, http:\/\/saint-charles.net\/NSTC\/wp-content\/uploads\/2023\/09\/379998635_816986333763425_6182402014787429751_n-1-300x225.jpg 300w, http:\/\/saint-charles.net\/NSTC\/wp-content\/uploads\/2023\/09\/379998635_816986333763425_6182402014787429751_n-1-768x576.jpg 768w, http:\/\/saint-charles.net\/NSTC\/wp-content\/uploads\/2023\/09\/379998635_816986333763425_6182402014787429751_n-1.jpg 1200w\" sizes=\"auto, (max-width: 1024px) 100vw, 1024px\" \/><\/figure>\n\n\n\n<figure class=\"wp-block-image size-large\"><img loading=\"lazy\" decoding=\"async\" width=\"768\" height=\"1024\" data-id=\"2010\" src=\"http:\/\/saint-charles.net\/NSTC\/wp-content\/uploads\/2023\/09\/380000884_816986323763426_2288047216250204683_n-2-768x1024.jpg\" alt=\"\" class=\"wp-image-2010\" srcset=\"http:\/\/saint-charles.net\/NSTC\/wp-content\/uploads\/2023\/09\/380000884_816986323763426_2288047216250204683_n-2-768x1024.jpg 768w, http:\/\/saint-charles.net\/NSTC\/wp-content\/uploads\/2023\/09\/380000884_816986323763426_2288047216250204683_n-2-225x300.jpg 225w, http:\/\/saint-charles.net\/NSTC\/wp-content\/uploads\/2023\/09\/380000884_816986323763426_2288047216250204683_n-2.jpg 900w\" sizes=\"auto, (max-width: 768px) 100vw, 768px\" \/><\/figure>\n\n\n\n<figure class=\"wp-block-image size-large\"><img loading=\"lazy\" decoding=\"async\" width=\"1024\" height=\"461\" data-id=\"2011\" src=\"http:\/\/saint-charles.net\/NSTC\/wp-content\/uploads\/2023\/09\/380426949_817592123702846_1768992043394884300_n-1024x461.jpg\" alt=\"\" class=\"wp-image-2011\" style=\"aspect-ratio:4\/3;object-fit:contain\" srcset=\"http:\/\/saint-charles.net\/NSTC\/wp-content\/uploads\/2023\/09\/380426949_817592123702846_1768992043394884300_n-1024x461.jpg 1024w, http:\/\/saint-charles.net\/NSTC\/wp-content\/uploads\/2023\/09\/380426949_817592123702846_1768992043394884300_n-300x135.jpg 300w, http:\/\/saint-charles.net\/NSTC\/wp-content\/uploads\/2023\/09\/380426949_817592123702846_1768992043394884300_n-768x346.jpg 768w, http:\/\/saint-charles.net\/NSTC\/wp-content\/uploads\/2023\/09\/380426949_817592123702846_1768992043394884300_n-1536x691.jpg 1536w, http:\/\/saint-charles.net\/NSTC\/wp-content\/uploads\/2023\/09\/380426949_817592123702846_1768992043394884300_n-2048x922.jpg 2048w\" sizes=\"auto, (max-width: 1024px) 100vw, 1024px\" \/><\/figure>\n\n\n\n<figure class=\"wp-block-image size-large\"><img loading=\"lazy\" decoding=\"async\" width=\"1024\" height=\"461\" data-id=\"2013\" src=\"http:\/\/saint-charles.net\/NSTC\/wp-content\/uploads\/2023\/09\/380638147_817592250369500_8863180115103073845_n-1024x461.jpg\" alt=\"\" class=\"wp-image-2013\" style=\"aspect-ratio:4\/3;object-fit:contain\" srcset=\"http:\/\/saint-charles.net\/NSTC\/wp-content\/uploads\/2023\/09\/380638147_817592250369500_8863180115103073845_n-1024x461.jpg 1024w, http:\/\/saint-charles.net\/NSTC\/wp-content\/uploads\/2023\/09\/380638147_817592250369500_8863180115103073845_n-300x135.jpg 300w, http:\/\/saint-charles.net\/NSTC\/wp-content\/uploads\/2023\/09\/380638147_817592250369500_8863180115103073845_n-768x346.jpg 768w, http:\/\/saint-charles.net\/NSTC\/wp-content\/uploads\/2023\/09\/380638147_817592250369500_8863180115103073845_n-1536x691.jpg 1536w, http:\/\/saint-charles.net\/NSTC\/wp-content\/uploads\/2023\/09\/380638147_817592250369500_8863180115103073845_n-2048x922.jpg 2048w\" sizes=\"auto, (max-width: 1024px) 100vw, 1024px\" \/><\/figure>\n\n\n\n<figure class=\"wp-block-image size-large\"><img loading=\"lazy\" decoding=\"async\" width=\"1024\" height=\"461\" data-id=\"2014\" src=\"http:\/\/saint-charles.net\/NSTC\/wp-content\/uploads\/2023\/09\/380660861_817831230345602_5868198898400746272_n-1-1024x461.jpg\" alt=\"\" class=\"wp-image-2014\" srcset=\"http:\/\/saint-charles.net\/NSTC\/wp-content\/uploads\/2023\/09\/380660861_817831230345602_5868198898400746272_n-1-1024x461.jpg 1024w, http:\/\/saint-charles.net\/NSTC\/wp-content\/uploads\/2023\/09\/380660861_817831230345602_5868198898400746272_n-1-300x135.jpg 300w, http:\/\/saint-charles.net\/NSTC\/wp-content\/uploads\/2023\/09\/380660861_817831230345602_5868198898400746272_n-1-768x346.jpg 768w, http:\/\/saint-charles.net\/NSTC\/wp-content\/uploads\/2023\/09\/380660861_817831230345602_5868198898400746272_n-1-1536x691.jpg 1536w, http:\/\/saint-charles.net\/NSTC\/wp-content\/uploads\/2023\/09\/380660861_817831230345602_5868198898400746272_n-1-2048x922.jpg 2048w\" sizes=\"auto, (max-width: 1024px) 100vw, 1024px\" \/><\/figure>\n\n\n\n<figure class=\"wp-block-image size-large\"><img loading=\"lazy\" decoding=\"async\" width=\"1024\" height=\"461\" data-id=\"2015\" src=\"http:\/\/saint-charles.net\/NSTC\/wp-content\/uploads\/2023\/09\/380703291_817770353685023_4767111769610721611_n-1-1024x461.jpg\" alt=\"\" class=\"wp-image-2015\" srcset=\"http:\/\/saint-charles.net\/NSTC\/wp-content\/uploads\/2023\/09\/380703291_817770353685023_4767111769610721611_n-1-1024x461.jpg 1024w, http:\/\/saint-charles.net\/NSTC\/wp-content\/uploads\/2023\/09\/380703291_817770353685023_4767111769610721611_n-1-300x135.jpg 300w, http:\/\/saint-charles.net\/NSTC\/wp-content\/uploads\/2023\/09\/380703291_817770353685023_4767111769610721611_n-1-768x346.jpg 768w, http:\/\/saint-charles.net\/NSTC\/wp-content\/uploads\/2023\/09\/380703291_817770353685023_4767111769610721611_n-1-1536x691.jpg 1536w, http:\/\/saint-charles.net\/NSTC\/wp-content\/uploads\/2023\/09\/380703291_817770353685023_4767111769610721611_n-1-2048x922.jpg 2048w\" sizes=\"auto, (max-width: 1024px) 100vw, 1024px\" \/><\/figure>\n<\/figure>\n","protected":false},"excerpt":{"rendered":"<p>les ateliers Ils ont lieu dans la semaine ou sur la pause m\u00e9ridienne du midi : Atelier INFORMATIQUE Club LEGO Club ECHEC Origammi Activit\u00e9s cr\u00e9atives Atelier THEATRE Club LECTURE \/ MANGA Ateliers SPORTIFS : tous les midis et le mercredi apr\u00e8s-midi ADOZEN : atelier de sophrologie<\/p>\n","protected":false},"author":1,"featured_media":0,"parent":0,"menu_order":0,"comment_status":"closed","ping_status":"closed","template":"pageVierge.php","meta":{"footnotes":""},"class_list":["post-597","page","type-page","status-publish","hentry"],"_links":{"self":[{"href":"http:\/\/saint-charles.net\/NSTC\/index.php?rest_route=\/wp\/v2\/pages\/597","targetHints":{"allow":["GET"]}}],"collection":[{"href":"http:\/\/saint-charles.net\/NSTC\/index.php?rest_route=\/wp\/v2\/pages"}],"about":[{"href":"http:\/\/saint-charles.net\/NSTC\/index.php?rest_route=\/wp\/v2\/types\/page"}],"author":[{"embeddable":true,"href":"http:\/\/saint-charles.net\/NSTC\/index.php?rest_route=\/wp\/v2\/users\/1"}],"replies":[{"embeddable":true,"href":"http:\/\/saint-charles.net\/NSTC\/index.php?rest_route=%2Fwp%2Fv2%2Fcomments&post=597"}],"version-history":[{"count":8,"href":"http:\/\/saint-charles.net\/NSTC\/index.php?rest_route=\/wp\/v2\/pages\/597\/revisions"}],"predecessor-version":[{"id":2260,"href":"http:\/\/saint-charles.net\/NSTC\/index.php?rest_route=\/wp\/v2\/pages\/597\/revisions\/2260"}],"wp:attachment":[{"href":"http:\/\/saint-charles.net\/NSTC\/index.php?rest_route=%2Fwp%2Fv2%2Fmedia&parent=597"}],"curies":[{"name":"wp","href":"https:\/\/api.w.org\/{rel}","templated":true}]}}