{"id":861,"date":"2022-09-18T15:58:14","date_gmt":"2022-09-18T13:58:14","guid":{"rendered":"http:\/\/saint-charles.net\/NSTC\/?page_id=861"},"modified":"2022-11-06T18:32:44","modified_gmt":"2022-11-06T17:32:44","slug":"accueil-permanence","status":"publish","type":"page","link":"http:\/\/saint-charles.net\/NSTC\/?page_id=861","title":{"rendered":"Accueil \/ Permanence"},"content":{"rendered":"\n<h1>Accueil et Permanence<\/h1>\n\n\n\n<p>Madame, Monsieur,<\/p>\n\n\n\n<p>Vous avez le souhait d\u2019inscrire votre enfant dans l\u2019ensemble la Ste Famille. Nous vous remercions de votre confiance.&nbsp;<\/p>\n\n\n\n<p>Cette rubrique a pour but de vous pr\u00e9senter le plus clairement possible le fonctionnement de cet \u00e9tablissement. Il est valable toute l\u2019ann\u00e9e.<\/p>\n\n\n\n<p><strong>horaires<\/strong>&nbsp;:&nbsp;<strong>8h30 \u00e0 11h 30 et 13h25 \u00e0 16h30<\/strong><\/p>\n\n\n\n<hr class=\"wp-block-separator has-alpha-channel-opacity\"\/>\n\n\n\n<ol type=\"1\" class=\"has-luminous-vivid-amber-color has-text-color wp-block-list\">\n<li><strong><u>Secr\u00e9tariat&nbsp;: Mme Vandermeersch&nbsp;<\/u><\/strong><\/li>\n<\/ol>\n\n\n\n<p><strong><u>Attention&nbsp;:&nbsp;&nbsp;le secr\u00e9tariat&nbsp;&nbsp;site Kennedy n\u2019est ouvert que les matins&nbsp;&nbsp;(de 8 h 15 \u00e0 11 h 45)<\/u><\/strong><\/p>\n\n\n\n<p><strong><u>Ferm\u00e9 le mercredi&nbsp;<\/u><\/strong><\/p>\n\n\n\n<ol type=\"1\" start=\"2\" class=\"has-luminous-vivid-amber-color has-text-color wp-block-list\">\n<li><strong>Direction&nbsp;: Marc Rousselle<\/strong><\/li>\n<\/ol>\n\n\n\n<p>Pr\u00e9sence&nbsp;: le lundi toute la journ\u00e9e et le jeudi matin.<\/p>\n\n\n\n<ol type=\"1\" start=\"3\" class=\"has-luminous-vivid-amber-color has-text-color wp-block-list\">\n<li><strong>Enseignants&nbsp;:<\/strong><\/li>\n<\/ol>\n\n\n\n<p><strong>Les demandes de rendez-vous sont \u00e0 faire par \u00e9crit<\/strong>, sur l\u2019agenda ou papier libre.<\/p>\n","protected":false},"excerpt":{"rendered":"<p>Accueil et Permanence Madame, Monsieur, Vous avez le souhait d\u2019inscrire votre enfant dans l\u2019ensemble la Ste Famille. Nous vous remercions de votre confiance.&nbsp; Cette rubrique a pour but de vous pr\u00e9senter le plus clairement possible le fonctionnement de cet \u00e9tablissement. Il est valable toute l\u2019ann\u00e9e. horaires&nbsp;:&nbsp;8h30 \u00e0 11h 30 et 13h25 \u00e0 16h30 Attention&nbsp;:&nbsp;&nbsp;le secr\u00e9tariat&nbsp;&nbsp;site [&hellip;]<\/p>\n","protected":false},"author":2,"featured_media":0,"parent":0,"menu_order":0,"comment_status":"closed","ping_status":"closed","template":"pageVierge.php","meta":{"footnotes":""},"class_list":["post-861","page","type-page","status-publish","hentry"],"_links":{"self":[{"href":"http:\/\/saint-charles.net\/NSTC\/index.php?rest_route=\/wp\/v2\/pages\/861","targetHints":{"allow":["GET"]}}],"collection":[{"href":"http:\/\/saint-charles.net\/NSTC\/index.php?rest_route=\/wp\/v2\/pages"}],"about":[{"href":"http:\/\/saint-charles.net\/NSTC\/index.php?rest_route=\/wp\/v2\/types\/page"}],"author":[{"embeddable":true,"href":"http:\/\/saint-charles.net\/NSTC\/index.php?rest_route=\/wp\/v2\/users\/2"}],"replies":[{"embeddable":true,"href":"http:\/\/saint-charles.net\/NSTC\/index.php?rest_route=%2Fwp%2Fv2%2Fcomments&post=861"}],"version-history":[{"count":6,"href":"http:\/\/saint-charles.net\/NSTC\/index.php?rest_route=\/wp\/v2\/pages\/861\/revisions"}],"predecessor-version":[{"id":1367,"href":"http:\/\/saint-charles.net\/NSTC\/index.php?rest_route=\/wp\/v2\/pages\/861\/revisions\/1367"}],"wp:attachment":[{"href":"http:\/\/saint-charles.net\/NSTC\/index.php?rest_route=%2Fwp%2Fv2%2Fmedia&parent=861"}],"curies":[{"name":"wp","href":"https:\/\/api.w.org\/{rel}","templated":true}]}}