{"id":967,"date":"2022-09-20T15:11:13","date_gmt":"2022-09-20T13:11:13","guid":{"rendered":"http:\/\/saint-charles.net\/NSTC\/?page_id=967"},"modified":"2023-09-29T15:01:41","modified_gmt":"2023-09-29T13:01:41","slug":"college-saint-charles-2-0","status":"publish","type":"page","link":"http:\/\/saint-charles.net\/NSTC\/?page_id=967","title":{"rendered":"Coll\u00e8ge Saint CHARLES 2.0"},"content":{"rendered":"\n<p class=\"has-large-font-size\">Coll\u00e8ge Saint CHARLES 2.0<\/p>\n\n\n\n<hr class=\"wp-block-separator has-alpha-channel-opacity\"\/>\n\n\n\n<p>L\u2019ensemble des \u00e9l\u00e8ves et le personnel du Coll\u00e8ge peuvent profiter chaque ann\u00e9e de travaux.<\/p>\n\n\n\n<p>Apr\u00e8s trois ann\u00e9es de travaux, voici un petit aper\u00e7u du nouveau coll\u00e8ge Saint Charles<\/p>\n\n\n\n<figure class=\"wp-block-video\"><video height=\"720\" style=\"aspect-ratio: 1280 \/ 720;\" width=\"1280\" controls src=\"http:\/\/saint-charles.net\/NSTC\/wp-content\/uploads\/2023\/09\/Video-visite-college-2023.mp4\"><\/video><\/figure>\n","protected":false},"excerpt":{"rendered":"<p>Coll\u00e8ge Saint CHARLES 2.0 L\u2019ensemble des \u00e9l\u00e8ves et le personnel du Coll\u00e8ge peuvent profiter chaque ann\u00e9e de travaux. Apr\u00e8s trois ann\u00e9es de travaux, voici un petit aper\u00e7u du nouveau coll\u00e8ge Saint Charles<\/p>\n","protected":false},"author":2,"featured_media":0,"parent":0,"menu_order":0,"comment_status":"closed","ping_status":"closed","template":"pageVierge.php","meta":{"footnotes":""},"class_list":["post-967","page","type-page","status-publish","hentry"],"_links":{"self":[{"href":"http:\/\/saint-charles.net\/NSTC\/index.php?rest_route=\/wp\/v2\/pages\/967","targetHints":{"allow":["GET"]}}],"collection":[{"href":"http:\/\/saint-charles.net\/NSTC\/index.php?rest_route=\/wp\/v2\/pages"}],"about":[{"href":"http:\/\/saint-charles.net\/NSTC\/index.php?rest_route=\/wp\/v2\/types\/page"}],"author":[{"embeddable":true,"href":"http:\/\/saint-charles.net\/NSTC\/index.php?rest_route=\/wp\/v2\/users\/2"}],"replies":[{"embeddable":true,"href":"http:\/\/saint-charles.net\/NSTC\/index.php?rest_route=%2Fwp%2Fv2%2Fcomments&post=967"}],"version-history":[{"count":3,"href":"http:\/\/saint-charles.net\/NSTC\/index.php?rest_route=\/wp\/v2\/pages\/967\/revisions"}],"predecessor-version":[{"id":2045,"href":"http:\/\/saint-charles.net\/NSTC\/index.php?rest_route=\/wp\/v2\/pages\/967\/revisions\/2045"}],"wp:attachment":[{"href":"http:\/\/saint-charles.net\/NSTC\/index.php?rest_route=%2Fwp%2Fv2%2Fmedia&parent=967"}],"curies":[{"name":"wp","href":"https:\/\/api.w.org\/{rel}","templated":true}]}}